{"id":142,"date":"2024-03-25T09:33:07","date_gmt":"2024-03-25T09:33:07","guid":{"rendered":"https:\/\/www.slotstars.com\/br\/?page_id=142"},"modified":"2024-07-22T07:43:44","modified_gmt":"2024-07-22T07:43:44","slug":"bonus-de-boas-vindas","status":"publish","type":"page","link":"https:\/\/www.slotstars.com\/br\/promocoes\/bonus-de-boas-vindas\/","title":{"rendered":"B\u00d4NUS DE BOAS-VINDAS"},"content":{"rendered":"\n<h2 class=\"wp-block-heading\">B\u00f4nus de boas-vindas<\/h2>\n\n\n\n<a href=\"javascript:openAuth();void(0);\"><figure class=\"wp-block-image alignfull size-full\">\n<img decoding=\"async\" src=\"https:\/\/www.slotstars.com\/br\/wp-content\/uploads\/2024\/05\/2610X699_Brazil-scaled.jpg\" alt=\"\" class=\"img-responsive pr5\"\/>\n<img decoding=\"async\" style=\"margin-bottom:20px;display:none;\" src=\"https:\/\/www.slotstars.com\/br\/wp-content\/uploads\/2024\/05\/BR_480x380-1.jpg\" alt=\"\" style=\"display:none\" class=\"img-responsive pr2\"\/>\n<\/figure><\/a>\n\n\n\n<p>Creditado automaticamente ap\u00f3s o dep\u00f3sito. O cancelamento pode ser solicitado. Promo\u00e7\u00e3o v\u00e1lida apenas para o primeiro dep\u00f3sito. B\u00f4nus m\u00e1ximo de at\u00e9 R$500. M\u00e1ximo de 50 Giros Gr\u00e1tis. Jogo: Book Of Dead, valor do giro: R$0.70. Requisito de apostas de 30x o valor total (soma do dep\u00f3sito mais o valor do b\u00f4nus) e de 60x os ganhos de Giros Gr\u00e1tis (somente slots contam) dentro de 30 dias. Aposta m\u00e1xima \u00e9 de 10% (m\u00ednimo R$0.50) dos ganhos de Giros Gr\u00e1tis e o montante de b\u00f4nus ou R$25 (menor montante se aplica). Os Giros Gr\u00e1tis devem ser usados antes dos fundos depositados. O B\u00f4nus de Dep\u00f3sito\/Boas-vindas s\u00f3 pode ser reivindicado uma vez a cada 72 horas em todos os Cassinos. *Jogos sujeitos \u00e0 disponibilidade. Para saber mais acesse <a href=\"https:\/\/son-direct.com\/?appName=SlotStars&amp;lang=EN&amp;name=bonus_policy\" target=\"_self\" rel=\"noopener\">  \u00e0 Pol\u00edtica de B\u00f4nus. <\/a>\t<\/p>\n\n\n\n<h2 style=\" color: #2796FF;\" class=\"wp-block-heading\">B\u00f4nus para Novos Jogadores do Cassino:<\/h2>\n\n\n\n<p><strong>Deposite e Receba at\u00e9 R$500 em b\u00f4nus do cassino + 50 RODADAS GR\u00c1TIS no Rich Wilde e no Book of Dead<\/strong><\/p>\n\n\n\n<p><\/p>\n\n\n\n<p><a href=\"javascript:openAuth();void(0);\" style=\"color:#fff !important;\"><p class=\"play1\" style=\"width: 150px;margin-bottom: 45px;\">Jogue agora<\/p><\/a><\/p>\n\n\n\n<p><p>No SlotStars, queremos que voc\u00ea comece a aproveitar nossos benef\u00edcios empolgantes imediatamente. \u00c9 por isso que oferecemos um b\u00f4nus assim que voc\u00ea se cadastra.<\/p>\n<p>Nosso b\u00f4nus de boas-vindas permite que voc\u00ea experimente a imparcialidade de nossos jogos, e estamos confiantes de que voc\u00ea vai gostar de jogar conosco. Para se qualificar para a oferta de boas-vindas, basta se registrar e fazer um dep\u00f3sito m\u00ednimo de R$50.<\/p>\n<p>Observe que \u00e9 necess\u00e1rio usar os giros concedidos antes de acessar o valor do b\u00f4nus. Certifique-se de seguir todos os termos e condi\u00e7\u00f5es da oferta de boas-vindas. Se isso n\u00e3o for feito, o b\u00f4nus poder\u00e1 ser revogado, o que queremos evitar.<\/p>\n<p>Nosso objetivo \u00e9 recompens\u00e1-lo por nos escolher. Registre-se, fa\u00e7a o dep\u00f3sito de qualifica\u00e7\u00e3o e aproveite nossa generosa oferta de boas-vindas. Ser\u00e1 dif\u00edcil encontrar uma oferta t\u00e3o boa!<\/p><\/p>\n","protected":false},"excerpt":{"rendered":"<p>B\u00f4nus de boas-vindas Creditado automaticamente ap\u00f3s o dep\u00f3sito. O cancelamento pode ser solicitado. Promo\u00e7\u00e3o v\u00e1lida apenas para o primeiro dep\u00f3sito. B\u00f4nus m\u00e1ximo de at\u00e9 R$500. M\u00e1ximo de 50 Giros Gr\u00e1tis. Jogo: Book Of Dead, valor do giro: R$0.70. Requisito de apostas de 30x o valor total (soma do dep\u00f3sito mais o valor do b\u00f4nus) e [&hellip;]<\/p>\n","protected":false},"author":1,"featured_media":0,"parent":135,"menu_order":0,"comment_status":"closed","ping_status":"closed","template":"content-page.php","meta":{"_acf_changed":false,"footnotes":""},"class_list":["post-142","page","type-page","status-publish","hentry"],"acf":[],"yoast_head":"<!-- This site is optimized with the Yoast SEO plugin v27.3 - https:\/\/yoast.com\/product\/yoast-seo-wordpress\/ -->\n<title>B\u00d4NUS DE BOAS-VINDAS | 100% at\u00e9 R$500 + 50 rodadas gr\u00e1tis | SlotStars<\/title>\n<meta name=\"robots\" content=\"index, follow, max-snippet:-1, max-image-preview:large, max-video-preview:-1\" \/>\n<link rel=\"canonical\" href=\"https:\/\/www.slotstars.com\/br\/promocoes\/bonus-de-boas-vindas\/\" \/>\n<meta property=\"og:locale\" content=\"en_US\" \/>\n<meta property=\"og:type\" content=\"article\" \/>\n<meta property=\"og:title\" content=\"B\u00d4NUS DE BOAS-VINDAS | 100% at\u00e9 R$500 + 50 rodadas gr\u00e1tis | SlotStars\" \/>\n<meta property=\"og:description\" content=\"B\u00f4nus de boas-vindas Creditado automaticamente ap\u00f3s o dep\u00f3sito. O cancelamento pode ser solicitado. Promo\u00e7\u00e3o v\u00e1lida apenas para o primeiro dep\u00f3sito. B\u00f4nus m\u00e1ximo de at\u00e9 R$500. M\u00e1ximo de 50 Giros Gr\u00e1tis. Jogo: Book Of Dead, valor do giro: R$0.70. Requisito de apostas de 30x o valor total (soma do dep\u00f3sito mais o valor do b\u00f4nus) e [&hellip;]\" \/>\n<meta property=\"og:url\" content=\"https:\/\/www.slotstars.com\/br\/promocoes\/bonus-de-boas-vindas\/\" \/>\n<meta property=\"og:site_name\" content=\"Slotstars.com\" \/>\n<meta property=\"article:modified_time\" content=\"2024-07-22T07:43:44+00:00\" \/>\n<meta property=\"og:image\" content=\"https:\/\/www.slotstars.com\/br\/wp-content\/uploads\/2024\/05\/2610X699_Brazil-scaled.jpg\" \/>\n<meta name=\"twitter:card\" content=\"summary_large_image\" \/>\n<meta name=\"twitter:label1\" content=\"Est. reading time\" \/>\n\t<meta name=\"twitter:data1\" content=\"2 minutes\" \/>\n<script type=\"application\/ld+json\" class=\"yoast-schema-graph\">{\"@context\":\"https:\\\/\\\/schema.org\",\"@graph\":[{\"@type\":\"WebPage\",\"@id\":\"https:\\\/\\\/www.slotstars.com\\\/br\\\/promocoes\\\/bonus-de-boas-vindas\\\/\",\"url\":\"https:\\\/\\\/www.slotstars.com\\\/br\\\/promocoes\\\/bonus-de-boas-vindas\\\/\",\"name\":\"B\u00d4NUS DE BOAS-VINDAS | 100% at\u00e9 R$500 + 50 rodadas gr\u00e1tis | SlotStars\",\"isPartOf\":{\"@id\":\"https:\\\/\\\/www.slotstars.com\\\/br\\\/#website\"},\"primaryImageOfPage\":{\"@id\":\"https:\\\/\\\/www.slotstars.com\\\/br\\\/promocoes\\\/bonus-de-boas-vindas\\\/#primaryimage\"},\"image\":{\"@id\":\"https:\\\/\\\/www.slotstars.com\\\/br\\\/promocoes\\\/bonus-de-boas-vindas\\\/#primaryimage\"},\"thumbnailUrl\":\"https:\\\/\\\/www.slotstars.com\\\/br\\\/wp-content\\\/uploads\\\/2024\\\/05\\\/2610X699_Brazil-scaled.jpg\",\"datePublished\":\"2024-03-25T09:33:07+00:00\",\"dateModified\":\"2024-07-22T07:43:44+00:00\",\"breadcrumb\":{\"@id\":\"https:\\\/\\\/www.slotstars.com\\\/br\\\/promocoes\\\/bonus-de-boas-vindas\\\/#breadcrumb\"},\"inLanguage\":\"en-US\",\"potentialAction\":[{\"@type\":\"ReadAction\",\"target\":[\"https:\\\/\\\/www.slotstars.com\\\/br\\\/promocoes\\\/bonus-de-boas-vindas\\\/\"]}]},{\"@type\":\"ImageObject\",\"inLanguage\":\"en-US\",\"@id\":\"https:\\\/\\\/www.slotstars.com\\\/br\\\/promocoes\\\/bonus-de-boas-vindas\\\/#primaryimage\",\"url\":\"https:\\\/\\\/www.slotstars.com\\\/br\\\/wp-content\\\/uploads\\\/2024\\\/05\\\/2610X699_Brazil-scaled.jpg\",\"contentUrl\":\"https:\\\/\\\/www.slotstars.com\\\/br\\\/wp-content\\\/uploads\\\/2024\\\/05\\\/2610X699_Brazil-scaled.jpg\",\"width\":2560,\"height\":686},{\"@type\":\"BreadcrumbList\",\"@id\":\"https:\\\/\\\/www.slotstars.com\\\/br\\\/promocoes\\\/bonus-de-boas-vindas\\\/#breadcrumb\",\"itemListElement\":[{\"@type\":\"ListItem\",\"position\":1,\"name\":\"Home\",\"item\":\"https:\\\/\\\/www.slotstars.com\\\/br\\\/\"},{\"@type\":\"ListItem\",\"position\":2,\"name\":\"PROMO\u00c7\u00d5ES\",\"item\":\"https:\\\/\\\/www.slotstars.com\\\/br\\\/promocoes\\\/\"},{\"@type\":\"ListItem\",\"position\":3,\"name\":\"B\u00d4NUS DE BOAS-VINDAS\"}]},{\"@type\":\"WebSite\",\"@id\":\"https:\\\/\\\/www.slotstars.com\\\/br\\\/#website\",\"url\":\"https:\\\/\\\/www.slotstars.com\\\/br\\\/\",\"name\":\"Slotstars.com\",\"description\":\"\",\"potentialAction\":[{\"@type\":\"SearchAction\",\"target\":{\"@type\":\"EntryPoint\",\"urlTemplate\":\"https:\\\/\\\/www.slotstars.com\\\/br\\\/?s={search_term_string}\"},\"query-input\":{\"@type\":\"PropertyValueSpecification\",\"valueRequired\":true,\"valueName\":\"search_term_string\"}}],\"inLanguage\":\"en-US\"}]}<\/script>\n<!-- \/ Yoast SEO plugin. -->","yoast_head_json":{"title":"B\u00d4NUS DE BOAS-VINDAS | 100% at\u00e9 R$500 + 50 rodadas gr\u00e1tis | SlotStars","robots":{"index":"index","follow":"follow","max-snippet":"max-snippet:-1","max-image-preview":"max-image-preview:large","max-video-preview":"max-video-preview:-1"},"canonical":"https:\/\/www.slotstars.com\/br\/promocoes\/bonus-de-boas-vindas\/","og_locale":"en_US","og_type":"article","og_title":"B\u00d4NUS DE BOAS-VINDAS | 100% at\u00e9 R$500 + 50 rodadas gr\u00e1tis | SlotStars","og_description":"B\u00f4nus de boas-vindas Creditado automaticamente ap\u00f3s o dep\u00f3sito. O cancelamento pode ser solicitado. Promo\u00e7\u00e3o v\u00e1lida apenas para o primeiro dep\u00f3sito. B\u00f4nus m\u00e1ximo de at\u00e9 R$500. M\u00e1ximo de 50 Giros Gr\u00e1tis. Jogo: Book Of Dead, valor do giro: R$0.70. Requisito de apostas de 30x o valor total (soma do dep\u00f3sito mais o valor do b\u00f4nus) e [&hellip;]","og_url":"https:\/\/www.slotstars.com\/br\/promocoes\/bonus-de-boas-vindas\/","og_site_name":"Slotstars.com","article_modified_time":"2024-07-22T07:43:44+00:00","og_image":[{"url":"https:\/\/www.slotstars.com\/br\/wp-content\/uploads\/2024\/05\/2610X699_Brazil-scaled.jpg","type":"","width":"","height":""}],"twitter_card":"summary_large_image","twitter_misc":{"Est. reading time":"2 minutes"},"schema":{"@context":"https:\/\/schema.org","@graph":[{"@type":"WebPage","@id":"https:\/\/www.slotstars.com\/br\/promocoes\/bonus-de-boas-vindas\/","url":"https:\/\/www.slotstars.com\/br\/promocoes\/bonus-de-boas-vindas\/","name":"B\u00d4NUS DE BOAS-VINDAS | 100% at\u00e9 R$500 + 50 rodadas gr\u00e1tis | SlotStars","isPartOf":{"@id":"https:\/\/www.slotstars.com\/br\/#website"},"primaryImageOfPage":{"@id":"https:\/\/www.slotstars.com\/br\/promocoes\/bonus-de-boas-vindas\/#primaryimage"},"image":{"@id":"https:\/\/www.slotstars.com\/br\/promocoes\/bonus-de-boas-vindas\/#primaryimage"},"thumbnailUrl":"https:\/\/www.slotstars.com\/br\/wp-content\/uploads\/2024\/05\/2610X699_Brazil-scaled.jpg","datePublished":"2024-03-25T09:33:07+00:00","dateModified":"2024-07-22T07:43:44+00:00","breadcrumb":{"@id":"https:\/\/www.slotstars.com\/br\/promocoes\/bonus-de-boas-vindas\/#breadcrumb"},"inLanguage":"en-US","potentialAction":[{"@type":"ReadAction","target":["https:\/\/www.slotstars.com\/br\/promocoes\/bonus-de-boas-vindas\/"]}]},{"@type":"ImageObject","inLanguage":"en-US","@id":"https:\/\/www.slotstars.com\/br\/promocoes\/bonus-de-boas-vindas\/#primaryimage","url":"https:\/\/www.slotstars.com\/br\/wp-content\/uploads\/2024\/05\/2610X699_Brazil-scaled.jpg","contentUrl":"https:\/\/www.slotstars.com\/br\/wp-content\/uploads\/2024\/05\/2610X699_Brazil-scaled.jpg","width":2560,"height":686},{"@type":"BreadcrumbList","@id":"https:\/\/www.slotstars.com\/br\/promocoes\/bonus-de-boas-vindas\/#breadcrumb","itemListElement":[{"@type":"ListItem","position":1,"name":"Home","item":"https:\/\/www.slotstars.com\/br\/"},{"@type":"ListItem","position":2,"name":"PROMO\u00c7\u00d5ES","item":"https:\/\/www.slotstars.com\/br\/promocoes\/"},{"@type":"ListItem","position":3,"name":"B\u00d4NUS DE BOAS-VINDAS"}]},{"@type":"WebSite","@id":"https:\/\/www.slotstars.com\/br\/#website","url":"https:\/\/www.slotstars.com\/br\/","name":"Slotstars.com","description":"","potentialAction":[{"@type":"SearchAction","target":{"@type":"EntryPoint","urlTemplate":"https:\/\/www.slotstars.com\/br\/?s={search_term_string}"},"query-input":{"@type":"PropertyValueSpecification","valueRequired":true,"valueName":"search_term_string"}}],"inLanguage":"en-US"}]}},"_links":{"self":[{"href":"https:\/\/www.slotstars.com\/br\/wp-json\/wp\/v2\/pages\/142","targetHints":{"allow":["GET"]}}],"collection":[{"href":"https:\/\/www.slotstars.com\/br\/wp-json\/wp\/v2\/pages"}],"about":[{"href":"https:\/\/www.slotstars.com\/br\/wp-json\/wp\/v2\/types\/page"}],"author":[{"embeddable":true,"href":"https:\/\/www.slotstars.com\/br\/wp-json\/wp\/v2\/users\/1"}],"replies":[{"embeddable":true,"href":"https:\/\/www.slotstars.com\/br\/wp-json\/wp\/v2\/comments?post=142"}],"version-history":[{"count":30,"href":"https:\/\/www.slotstars.com\/br\/wp-json\/wp\/v2\/pages\/142\/revisions"}],"predecessor-version":[{"id":570,"href":"https:\/\/www.slotstars.com\/br\/wp-json\/wp\/v2\/pages\/142\/revisions\/570"}],"up":[{"embeddable":true,"href":"https:\/\/www.slotstars.com\/br\/wp-json\/wp\/v2\/pages\/135"}],"wp:attachment":[{"href":"https:\/\/www.slotstars.com\/br\/wp-json\/wp\/v2\/media?parent=142"}],"curies":[{"name":"wp","href":"https:\/\/api.w.org\/{rel}","templated":true}]}}