{"id":159,"date":"2024-03-25T10:03:30","date_gmt":"2024-03-25T10:03:30","guid":{"rendered":"https:\/\/www.slotstars.com\/br\/?page_id=159"},"modified":"2024-07-22T07:44:29","modified_gmt":"2024-07-22T07:44:29","slug":"sobre-nos","status":"publish","type":"page","link":"https:\/\/www.slotstars.com\/br\/sobre-nos\/","title":{"rendered":"SOBRE N\u00d3S"},"content":{"rendered":"\n<h2 class=\"wp-block-heading\">Cassino SlotStars<\/h2>\n\n\n\n<p>Bem-vindo(a) ao SlotStars! Estamos aqui para lhe proporcionar uma experi\u00eancia de jogo online divertida e incr\u00edvel.<\/p>\n\n\n\n<p>Temos diversos jogos de cassino das melhores desenvolvedoras. Voc\u00ea ir\u00e1 amar nossos jogos, b\u00f4nus e promo\u00e7\u00f5es especiais. Al\u00e9m disso, estamos sempre aqui para lhe ajudar. Realmente nos importamos em prestar um bom servi\u00e7o, garantir que nossos jogos sejam de \u00f3tima qualidade e manter suas jogadas seguras. No SlotStars, queremos ter certeza de que voc\u00ea est\u00e1 se divertindo com seguran\u00e7a, assim como deve ser no melhor cassino online. Pronto(a) para se divertir? Venha jogar conosco aqui no SlotStars!<\/p>\n\n\n\n<h2 class=\"wp-block-heading\">Sele\u00e7\u00e3o de Jogos<\/h2>\n\n\n\n<p>O SlotStars tem mais de 3000 jogos de cassino online. Voc\u00ea pode encontrar todo tipo de jogo, dos ca\u00e7a-n\u00edqueis mais tradicionais at\u00e9 os novos ca\u00e7a-n\u00edqueis em v\u00eddeo, recomendados para todos os jogadores. Nossa cole\u00e7\u00e3o inclui jogos de mesa populares como o blackjack ou a roleta. Para aqueles em busca de algo novo, o SlotStars fornece uma variedade de ca\u00e7a-n\u00edqueis tem\u00e1ticos, cada um com trilha sonora e gr\u00e1fico \u00fanicos, assim como incr\u00edveis recursos de b\u00f4nus. Com jogos produzidos pelas maiores desenvolvedoras da ind\u00fastria, o SlotStars garante uma sele\u00e7\u00e3o de jogos justos, de alta qualidade e constantemente atualizados, para uma experi\u00eancia de cassino online inigual\u00e1vel.<\/p>\n\n\n\n<h3 class=\"wp-block-heading\">Seguran\u00e7a<\/h3>\n\n\n\n<p>No SlotStars, a sua seguran\u00e7a \u00e9 nossa prioridade m\u00e1xima. Fique tranquilo, suas informa\u00e7\u00f5es pessoais e de pagamento s\u00e3o bem protegidas com fortes medidas de seguran\u00e7a, como criptografia 128-bit, o que garante que suas transa\u00e7\u00f5es sejam feitas de forma segura e que seus detalhes nunca sejam compartilhados com ningu\u00e9m. Temos o compromisso de tornar sua experi\u00eancia proveitosa e livre de preocupa\u00e7\u00f5es. \u00c9 por esse motivo que nossa equipe de atendimento ao cliente est\u00e1 sempre dispon\u00edvel para lhe ajudar quando voc\u00ea precisar. Jogo limpo \u00e9 o alicerce do SlotStars. Sempre avaliamos nossos jogos para garantir que sejam justos e forne\u00e7am um ambiente confi\u00e1vel. Al\u00e9m disso, entrar e navegar o SlotStars \u00e9 f\u00e1cil, gra\u00e7as ao design amig\u00e1vel ao usu\u00e1rio e esteticamente agrad\u00e1vel do nosso site, o que torna sua experi\u00eancia de jogo simples e prazerosa.<\/p>\n\n\n\n<h3 class=\"wp-block-heading\">Atendimento ao Cliente<\/h3>\n\n\n\n<p>No SlotStars, entendemos que um excelente atendimento ao cliente \u00e9 a chave para a nossa reputa\u00e7\u00e3o e sucesso. \u00c9 por isso que temos orgulho em contar com uma equipe de representantes profissionais de atendimento ao cliente, especialistas em opera\u00e7\u00f5es de cassinos. Voc\u00ea pode contatar a nossa equipe a qualquer hora no chat ao vivo, 24\/7, para receber assist\u00eancia imediata. Al\u00e9m disso, tamb\u00e9m estamos dispon\u00edveis por e-mail e telefone, para que voc\u00ea sempre possa nos contatar da forma que for mais conveniente para voc\u00ea.<\/p>\n\n\n\n<p>No mais, para obter respostas r\u00e1pidas para as suas perguntas, voc\u00ea pode conferir a nossa p\u00e1gina detalhada de <a href=\"https:\/\/www.slotstars.com\/br\/perguntas-frequentes\/\">Perguntas Frequentes<\/a> no nosso site.<\/p>\n","protected":false},"excerpt":{"rendered":"<p>Cassino SlotStars Bem-vindo(a) ao SlotStars! Estamos aqui para lhe proporcionar uma experi\u00eancia de jogo online divertida e incr\u00edvel. Temos diversos jogos de cassino das melhores desenvolvedoras. Voc\u00ea ir\u00e1 amar nossos jogos, b\u00f4nus e promo\u00e7\u00f5es especiais. Al\u00e9m disso, estamos sempre aqui para lhe ajudar. Realmente nos importamos em prestar um bom servi\u00e7o, garantir que nossos jogos [&hellip;]<\/p>\n","protected":false},"author":1,"featured_media":0,"parent":0,"menu_order":0,"comment_status":"closed","ping_status":"closed","template":"content-page.php","meta":{"_acf_changed":false,"footnotes":""},"class_list":["post-159","page","type-page","status-publish","hentry"],"acf":[],"yoast_head":"<!-- This site is optimized with the Yoast SEO plugin v27.3 - https:\/\/yoast.com\/product\/yoast-seo-wordpress\/ -->\n<title>SOBRE N\u00d3S | 100% at\u00e9 R$500 + 50 rodadas gr\u00e1tis | SlotStars<\/title>\n<meta name=\"robots\" content=\"index, follow, max-snippet:-1, max-image-preview:large, max-video-preview:-1\" \/>\n<link rel=\"canonical\" href=\"https:\/\/www.slotstars.com\/br\/sobre-nos\/\" \/>\n<meta property=\"og:locale\" content=\"en_US\" \/>\n<meta property=\"og:type\" content=\"article\" \/>\n<meta property=\"og:title\" content=\"SOBRE N\u00d3S | 100% at\u00e9 R$500 + 50 rodadas gr\u00e1tis | SlotStars\" \/>\n<meta property=\"og:description\" content=\"Cassino SlotStars Bem-vindo(a) ao SlotStars! Estamos aqui para lhe proporcionar uma experi\u00eancia de jogo online divertida e incr\u00edvel. Temos diversos jogos de cassino das melhores desenvolvedoras. Voc\u00ea ir\u00e1 amar nossos jogos, b\u00f4nus e promo\u00e7\u00f5es especiais. Al\u00e9m disso, estamos sempre aqui para lhe ajudar. Realmente nos importamos em prestar um bom servi\u00e7o, garantir que nossos jogos [&hellip;]\" \/>\n<meta property=\"og:url\" content=\"https:\/\/www.slotstars.com\/br\/sobre-nos\/\" \/>\n<meta property=\"og:site_name\" content=\"Slotstars.com\" \/>\n<meta property=\"article:modified_time\" content=\"2024-07-22T07:44:29+00:00\" \/>\n<meta name=\"twitter:card\" content=\"summary_large_image\" \/>\n<meta name=\"twitter:label1\" content=\"Est. reading time\" \/>\n\t<meta name=\"twitter:data1\" content=\"2 minutes\" \/>\n<script type=\"application\/ld+json\" class=\"yoast-schema-graph\">{\"@context\":\"https:\\\/\\\/schema.org\",\"@graph\":[{\"@type\":\"WebPage\",\"@id\":\"https:\\\/\\\/www.slotstars.com\\\/br\\\/sobre-nos\\\/\",\"url\":\"https:\\\/\\\/www.slotstars.com\\\/br\\\/sobre-nos\\\/\",\"name\":\"SOBRE N\u00d3S | 100% at\u00e9 R$500 + 50 rodadas gr\u00e1tis | SlotStars\",\"isPartOf\":{\"@id\":\"https:\\\/\\\/www.slotstars.com\\\/br\\\/#website\"},\"datePublished\":\"2024-03-25T10:03:30+00:00\",\"dateModified\":\"2024-07-22T07:44:29+00:00\",\"breadcrumb\":{\"@id\":\"https:\\\/\\\/www.slotstars.com\\\/br\\\/sobre-nos\\\/#breadcrumb\"},\"inLanguage\":\"en-US\",\"potentialAction\":[{\"@type\":\"ReadAction\",\"target\":[\"https:\\\/\\\/www.slotstars.com\\\/br\\\/sobre-nos\\\/\"]}]},{\"@type\":\"BreadcrumbList\",\"@id\":\"https:\\\/\\\/www.slotstars.com\\\/br\\\/sobre-nos\\\/#breadcrumb\",\"itemListElement\":[{\"@type\":\"ListItem\",\"position\":1,\"name\":\"Home\",\"item\":\"https:\\\/\\\/www.slotstars.com\\\/br\\\/\"},{\"@type\":\"ListItem\",\"position\":2,\"name\":\"SOBRE N\u00d3S\"}]},{\"@type\":\"WebSite\",\"@id\":\"https:\\\/\\\/www.slotstars.com\\\/br\\\/#website\",\"url\":\"https:\\\/\\\/www.slotstars.com\\\/br\\\/\",\"name\":\"Slotstars.com\",\"description\":\"\",\"potentialAction\":[{\"@type\":\"SearchAction\",\"target\":{\"@type\":\"EntryPoint\",\"urlTemplate\":\"https:\\\/\\\/www.slotstars.com\\\/br\\\/?s={search_term_string}\"},\"query-input\":{\"@type\":\"PropertyValueSpecification\",\"valueRequired\":true,\"valueName\":\"search_term_string\"}}],\"inLanguage\":\"en-US\"}]}<\/script>\n<!-- \/ Yoast SEO plugin. -->","yoast_head_json":{"title":"SOBRE N\u00d3S | 100% at\u00e9 R$500 + 50 rodadas gr\u00e1tis | SlotStars","robots":{"index":"index","follow":"follow","max-snippet":"max-snippet:-1","max-image-preview":"max-image-preview:large","max-video-preview":"max-video-preview:-1"},"canonical":"https:\/\/www.slotstars.com\/br\/sobre-nos\/","og_locale":"en_US","og_type":"article","og_title":"SOBRE N\u00d3S | 100% at\u00e9 R$500 + 50 rodadas gr\u00e1tis | SlotStars","og_description":"Cassino SlotStars Bem-vindo(a) ao SlotStars! Estamos aqui para lhe proporcionar uma experi\u00eancia de jogo online divertida e incr\u00edvel. Temos diversos jogos de cassino das melhores desenvolvedoras. Voc\u00ea ir\u00e1 amar nossos jogos, b\u00f4nus e promo\u00e7\u00f5es especiais. Al\u00e9m disso, estamos sempre aqui para lhe ajudar. Realmente nos importamos em prestar um bom servi\u00e7o, garantir que nossos jogos [&hellip;]","og_url":"https:\/\/www.slotstars.com\/br\/sobre-nos\/","og_site_name":"Slotstars.com","article_modified_time":"2024-07-22T07:44:29+00:00","twitter_card":"summary_large_image","twitter_misc":{"Est. reading time":"2 minutes"},"schema":{"@context":"https:\/\/schema.org","@graph":[{"@type":"WebPage","@id":"https:\/\/www.slotstars.com\/br\/sobre-nos\/","url":"https:\/\/www.slotstars.com\/br\/sobre-nos\/","name":"SOBRE N\u00d3S | 100% at\u00e9 R$500 + 50 rodadas gr\u00e1tis | SlotStars","isPartOf":{"@id":"https:\/\/www.slotstars.com\/br\/#website"},"datePublished":"2024-03-25T10:03:30+00:00","dateModified":"2024-07-22T07:44:29+00:00","breadcrumb":{"@id":"https:\/\/www.slotstars.com\/br\/sobre-nos\/#breadcrumb"},"inLanguage":"en-US","potentialAction":[{"@type":"ReadAction","target":["https:\/\/www.slotstars.com\/br\/sobre-nos\/"]}]},{"@type":"BreadcrumbList","@id":"https:\/\/www.slotstars.com\/br\/sobre-nos\/#breadcrumb","itemListElement":[{"@type":"ListItem","position":1,"name":"Home","item":"https:\/\/www.slotstars.com\/br\/"},{"@type":"ListItem","position":2,"name":"SOBRE N\u00d3S"}]},{"@type":"WebSite","@id":"https:\/\/www.slotstars.com\/br\/#website","url":"https:\/\/www.slotstars.com\/br\/","name":"Slotstars.com","description":"","potentialAction":[{"@type":"SearchAction","target":{"@type":"EntryPoint","urlTemplate":"https:\/\/www.slotstars.com\/br\/?s={search_term_string}"},"query-input":{"@type":"PropertyValueSpecification","valueRequired":true,"valueName":"search_term_string"}}],"inLanguage":"en-US"}]}},"_links":{"self":[{"href":"https:\/\/www.slotstars.com\/br\/wp-json\/wp\/v2\/pages\/159","targetHints":{"allow":["GET"]}}],"collection":[{"href":"https:\/\/www.slotstars.com\/br\/wp-json\/wp\/v2\/pages"}],"about":[{"href":"https:\/\/www.slotstars.com\/br\/wp-json\/wp\/v2\/types\/page"}],"author":[{"embeddable":true,"href":"https:\/\/www.slotstars.com\/br\/wp-json\/wp\/v2\/users\/1"}],"replies":[{"embeddable":true,"href":"https:\/\/www.slotstars.com\/br\/wp-json\/wp\/v2\/comments?post=159"}],"version-history":[{"count":9,"href":"https:\/\/www.slotstars.com\/br\/wp-json\/wp\/v2\/pages\/159\/revisions"}],"predecessor-version":[{"id":574,"href":"https:\/\/www.slotstars.com\/br\/wp-json\/wp\/v2\/pages\/159\/revisions\/574"}],"wp:attachment":[{"href":"https:\/\/www.slotstars.com\/br\/wp-json\/wp\/v2\/media?parent=159"}],"curies":[{"name":"wp","href":"https:\/\/api.w.org\/{rel}","templated":true}]}}