{"id":292,"date":"2024-04-02T13:45:12","date_gmt":"2024-04-02T13:45:12","guid":{"rendered":"https:\/\/casinoandfriends.mediacle.net\/?page_id=292"},"modified":"2024-07-22T07:44:41","modified_gmt":"2024-07-22T07:44:41","slug":"termos-e-condicoes","status":"publish","type":"page","link":"https:\/\/www.slotstars.com\/br\/termos-e-condicoes\/","title":{"rendered":"TERMOS &#038; CONDI\u00c7\u00d5ES"},"content":{"rendered":"\n<son-compliance-page type=\"terms_and_conditions\"><\/son-compliance-page>\n","protected":false},"excerpt":{"rendered":"","protected":false},"author":2,"featured_media":0,"parent":0,"menu_order":0,"comment_status":"closed","ping_status":"closed","template":"content-page.php","meta":{"_acf_changed":false,"footnotes":""},"class_list":["post-292","page","type-page","status-publish","hentry"],"acf":[],"yoast_head":"<!-- This site is optimized with the Yoast SEO plugin v27.3 - https:\/\/yoast.com\/product\/yoast-seo-wordpress\/ -->\n<title>TERMOS &amp; CONDI\u00c7\u00d5ES | 100% at\u00e9 R$500 + 50 rodadas gr\u00e1tis | SlotStars<\/title>\n<meta name=\"robots\" content=\"index, follow, max-snippet:-1, max-image-preview:large, max-video-preview:-1\" \/>\n<link rel=\"canonical\" href=\"https:\/\/www.slotstars.com\/br\/termos-e-condicoes\/\" \/>\n<meta property=\"og:locale\" content=\"en_US\" \/>\n<meta property=\"og:type\" content=\"article\" \/>\n<meta property=\"og:title\" content=\"TERMOS &amp; CONDI\u00c7\u00d5ES | 100% at\u00e9 R$500 + 50 rodadas gr\u00e1tis | SlotStars\" \/>\n<meta property=\"og:url\" content=\"https:\/\/www.slotstars.com\/br\/termos-e-condicoes\/\" \/>\n<meta property=\"og:site_name\" content=\"Slotstars.com\" \/>\n<meta property=\"article:modified_time\" content=\"2024-07-22T07:44:41+00:00\" \/>\n<meta name=\"twitter:card\" content=\"summary_large_image\" \/>\n<script type=\"application\/ld+json\" class=\"yoast-schema-graph\">{\"@context\":\"https:\\\/\\\/schema.org\",\"@graph\":[{\"@type\":\"WebPage\",\"@id\":\"https:\\\/\\\/www.slotstars.com\\\/br\\\/termos-e-condicoes\\\/\",\"url\":\"https:\\\/\\\/www.slotstars.com\\\/br\\\/termos-e-condicoes\\\/\",\"name\":\"TERMOS & CONDI\u00c7\u00d5ES | 100% at\u00e9 R$500 + 50 rodadas gr\u00e1tis | SlotStars\",\"isPartOf\":{\"@id\":\"https:\\\/\\\/www.slotstars.com\\\/br\\\/#website\"},\"datePublished\":\"2024-04-02T13:45:12+00:00\",\"dateModified\":\"2024-07-22T07:44:41+00:00\",\"breadcrumb\":{\"@id\":\"https:\\\/\\\/www.slotstars.com\\\/br\\\/termos-e-condicoes\\\/#breadcrumb\"},\"inLanguage\":\"en-US\",\"potentialAction\":[{\"@type\":\"ReadAction\",\"target\":[\"https:\\\/\\\/www.slotstars.com\\\/br\\\/termos-e-condicoes\\\/\"]}]},{\"@type\":\"BreadcrumbList\",\"@id\":\"https:\\\/\\\/www.slotstars.com\\\/br\\\/termos-e-condicoes\\\/#breadcrumb\",\"itemListElement\":[{\"@type\":\"ListItem\",\"position\":1,\"name\":\"Home\",\"item\":\"https:\\\/\\\/www.slotstars.com\\\/br\\\/\"},{\"@type\":\"ListItem\",\"position\":2,\"name\":\"TERMOS &#038; CONDI\u00c7\u00d5ES\"}]},{\"@type\":\"WebSite\",\"@id\":\"https:\\\/\\\/www.slotstars.com\\\/br\\\/#website\",\"url\":\"https:\\\/\\\/www.slotstars.com\\\/br\\\/\",\"name\":\"Slotstars.com\",\"description\":\"\",\"potentialAction\":[{\"@type\":\"SearchAction\",\"target\":{\"@type\":\"EntryPoint\",\"urlTemplate\":\"https:\\\/\\\/www.slotstars.com\\\/br\\\/?s={search_term_string}\"},\"query-input\":{\"@type\":\"PropertyValueSpecification\",\"valueRequired\":true,\"valueName\":\"search_term_string\"}}],\"inLanguage\":\"en-US\"}]}<\/script>\n<!-- \/ Yoast SEO plugin. -->","yoast_head_json":{"title":"TERMOS & CONDI\u00c7\u00d5ES | 100% at\u00e9 R$500 + 50 rodadas gr\u00e1tis | SlotStars","robots":{"index":"index","follow":"follow","max-snippet":"max-snippet:-1","max-image-preview":"max-image-preview:large","max-video-preview":"max-video-preview:-1"},"canonical":"https:\/\/www.slotstars.com\/br\/termos-e-condicoes\/","og_locale":"en_US","og_type":"article","og_title":"TERMOS & CONDI\u00c7\u00d5ES | 100% at\u00e9 R$500 + 50 rodadas gr\u00e1tis | SlotStars","og_url":"https:\/\/www.slotstars.com\/br\/termos-e-condicoes\/","og_site_name":"Slotstars.com","article_modified_time":"2024-07-22T07:44:41+00:00","twitter_card":"summary_large_image","schema":{"@context":"https:\/\/schema.org","@graph":[{"@type":"WebPage","@id":"https:\/\/www.slotstars.com\/br\/termos-e-condicoes\/","url":"https:\/\/www.slotstars.com\/br\/termos-e-condicoes\/","name":"TERMOS & CONDI\u00c7\u00d5ES | 100% at\u00e9 R$500 + 50 rodadas gr\u00e1tis | SlotStars","isPartOf":{"@id":"https:\/\/www.slotstars.com\/br\/#website"},"datePublished":"2024-04-02T13:45:12+00:00","dateModified":"2024-07-22T07:44:41+00:00","breadcrumb":{"@id":"https:\/\/www.slotstars.com\/br\/termos-e-condicoes\/#breadcrumb"},"inLanguage":"en-US","potentialAction":[{"@type":"ReadAction","target":["https:\/\/www.slotstars.com\/br\/termos-e-condicoes\/"]}]},{"@type":"BreadcrumbList","@id":"https:\/\/www.slotstars.com\/br\/termos-e-condicoes\/#breadcrumb","itemListElement":[{"@type":"ListItem","position":1,"name":"Home","item":"https:\/\/www.slotstars.com\/br\/"},{"@type":"ListItem","position":2,"name":"TERMOS &#038; CONDI\u00c7\u00d5ES"}]},{"@type":"WebSite","@id":"https:\/\/www.slotstars.com\/br\/#website","url":"https:\/\/www.slotstars.com\/br\/","name":"Slotstars.com","description":"","potentialAction":[{"@type":"SearchAction","target":{"@type":"EntryPoint","urlTemplate":"https:\/\/www.slotstars.com\/br\/?s={search_term_string}"},"query-input":{"@type":"PropertyValueSpecification","valueRequired":true,"valueName":"search_term_string"}}],"inLanguage":"en-US"}]}},"_links":{"self":[{"href":"https:\/\/www.slotstars.com\/br\/wp-json\/wp\/v2\/pages\/292","targetHints":{"allow":["GET"]}}],"collection":[{"href":"https:\/\/www.slotstars.com\/br\/wp-json\/wp\/v2\/pages"}],"about":[{"href":"https:\/\/www.slotstars.com\/br\/wp-json\/wp\/v2\/types\/page"}],"author":[{"embeddable":true,"href":"https:\/\/www.slotstars.com\/br\/wp-json\/wp\/v2\/users\/2"}],"replies":[{"embeddable":true,"href":"https:\/\/www.slotstars.com\/br\/wp-json\/wp\/v2\/comments?post=292"}],"version-history":[{"count":4,"href":"https:\/\/www.slotstars.com\/br\/wp-json\/wp\/v2\/pages\/292\/revisions"}],"predecessor-version":[{"id":575,"href":"https:\/\/www.slotstars.com\/br\/wp-json\/wp\/v2\/pages\/292\/revisions\/575"}],"wp:attachment":[{"href":"https:\/\/www.slotstars.com\/br\/wp-json\/wp\/v2\/media?parent=292"}],"curies":[{"name":"wp","href":"https:\/\/api.w.org\/{rel}","templated":true}]}}