{"id":142,"date":"2024-03-25T09:33:07","date_gmt":"2024-03-25T09:33:07","guid":{"rendered":"https:\/\/www.slotstars.com\/dk\/?page_id=142"},"modified":"2026-03-30T09:58:23","modified_gmt":"2026-03-30T09:58:23","slug":"velkomstbonus","status":"publish","type":"page","link":"https:\/\/www.slotstars.com\/dk\/kampagner\/velkomstbonus\/","title":{"rendered":"Velkomstbonus"},"content":{"rendered":"\n<figure class=\"wp-block-image alignfull size-full\"><a href=\"javascript:openAuth();void(0);\"><img decoding=\"async\" src=\"https:\/\/www.slotstars.com\/dk\/wp-content\/uploads\/2024\/05\/2610X699_Denmark-scaled.jpg\" alt=\"\" class=\"img-responsive pr5\"\/><\/a>\n<a href=\"javascript:openAuth();void(0);\"><img decoding=\"async\" style=\"margin-bottom:20px;display:none;\" src=\"https:\/\/www.slotstars.com\/dk\/wp-content\/uploads\/2024\/05\/DE_480x380.jpg\" alt=\"\" class=\"img-responsive pr2\"\/><\/a>\n<\/figure>\n\n\n\n<p>Krediteres automatisk ved indbetaling. Der kan anmodes om annullering. Velkomstbonus. G\u00e6lder kun f\u00f8rste indbetaling. Min. indbetaling: 100kr, maks. bonus 500kr. Gennemspilskrav: (indbetaling plus bonus). Eksempel: Indbetal 100kr, f\u00e5 100kr bonus og gennemspil 2,000kr. Kun spilleautomater bidrager. Max. indsats er 50kr. Evt. gevinster ved spil over max. indsats fjernes.<\/p>\n\n\n\n<h2 style=\"    color: #2796FF;\" class=\"wp-block-heading new-h2\">Casinobonus til nye spillere:<\/h2>\n\n\n\n<p>Indbetal og modtag op til 500kr casino bonus<\/p>\n\n\n\n<p><\/p>\n\n\n\n<p><a href=\"javascript:openAuth();void(0);\" style=\"color:#fff !important;\"><p class=\"play1\">Spil nu<\/p><\/a><\/p>\n\n\n\n<br>\n\n\n\n<p><p>Hos SlotStars vil vi gerne have, at du begynder at nyde godt af vores sp\u00e6ndende fordele med det samme. Derfor tilbyder vi en bonus, s\u00e5 snart du tilmelder dig.<\/p>\n\n<p>Vores velkomstbonus giver dig mulighed for at opleve fairness i vores spil, og vi er sikre p\u00e5, at du vil nyde at spille hos os. For at kvalificere dig til velkomsttilbuddet skal du blot registrere dig og foretage en indbetaling p\u00e5 mindst 100kr.<\/p>\n\n<p>S\u00f8rg for at f\u00f8lge alle vilk\u00e5r og betingelser for velkomsttilbuddet. Hvis du ikke g\u00f8r det, kan det resultere i, at bonussen bliver trukket tilbage, hvilket vi gerne vil undg\u00e5.<\/p>\n\n<p>Vi vil gerne bel\u00f8nne dig for at v\u00e6lge os. Registrer dig, foretag den kvalificerende indbetaling, og nyd vores gener\u00f8se velkomsttilbud. Det bliver sv\u00e6rt at finde et s\u00e5 godt tilbud!<\/p><\/p>\n","protected":false},"excerpt":{"rendered":"<p>Krediteres automatisk ved indbetaling. Der kan anmodes om annullering. Velkomstbonus. G\u00e6lder kun f\u00f8rste indbetaling. Min. indbetaling: 100kr, maks. bonus 500kr. Gennemspilskrav: (indbetaling plus bonus). Eksempel: Indbetal 100kr, f\u00e5 100kr bonus og gennemspil 2,000kr. Kun spilleautomater bidrager. Max. indsats er 50kr. Evt. gevinster ved spil over max. indsats fjernes. Casinobonus til nye spillere: Indbetal og modtag [&hellip;]<\/p>\n","protected":false},"author":1,"featured_media":0,"parent":135,"menu_order":0,"comment_status":"closed","ping_status":"closed","template":"content-page.php","meta":{"_acf_changed":false,"footnotes":""},"class_list":["post-142","page","type-page","status-publish","hentry"],"acf":[],"yoast_head":"<!-- This site is optimized with the Yoast SEO plugin v27.3 - https:\/\/yoast.com\/product\/yoast-seo-wordpress\/ -->\n<title>Velkomstbonus | 100% op til 500 kr | SlotStars<\/title>\n<meta name=\"robots\" content=\"index, follow, max-snippet:-1, max-image-preview:large, max-video-preview:-1\" \/>\n<link rel=\"canonical\" href=\"https:\/\/www.slotstars.com\/dk\/kampagner\/velkomstbonus\/\" \/>\n<meta property=\"og:locale\" content=\"en_US\" \/>\n<meta property=\"og:type\" content=\"article\" \/>\n<meta property=\"og:title\" content=\"Velkomstbonus | 100% op til 500 kr | SlotStars\" \/>\n<meta property=\"og:description\" content=\"Krediteres automatisk ved indbetaling. Der kan anmodes om annullering. Velkomstbonus. G\u00e6lder kun f\u00f8rste indbetaling. Min. indbetaling: 100kr, maks. bonus 500kr. Gennemspilskrav: (indbetaling plus bonus). Eksempel: Indbetal 100kr, f\u00e5 100kr bonus og gennemspil 2,000kr. Kun spilleautomater bidrager. Max. indsats er 50kr. Evt. gevinster ved spil over max. indsats fjernes. Casinobonus til nye spillere: Indbetal og modtag [&hellip;]\" \/>\n<meta property=\"og:url\" content=\"https:\/\/www.slotstars.com\/dk\/kampagner\/velkomstbonus\/\" \/>\n<meta property=\"og:site_name\" content=\"Slotstars.com\" \/>\n<meta property=\"article:modified_time\" content=\"2026-03-30T09:58:23+00:00\" \/>\n<meta property=\"og:image\" content=\"https:\/\/www.slotstars.com\/dk\/wp-content\/uploads\/2024\/05\/2610X699_Denmark-scaled.jpg\" \/>\n<meta name=\"twitter:card\" content=\"summary_large_image\" \/>\n<meta name=\"twitter:label1\" content=\"Est. reading time\" \/>\n\t<meta name=\"twitter:data1\" content=\"2 minutes\" \/>\n<script type=\"application\/ld+json\" class=\"yoast-schema-graph\">{\"@context\":\"https:\\\/\\\/schema.org\",\"@graph\":[{\"@type\":\"WebPage\",\"@id\":\"https:\\\/\\\/www.slotstars.com\\\/dk\\\/kampagner\\\/velkomstbonus\\\/\",\"url\":\"https:\\\/\\\/www.slotstars.com\\\/dk\\\/kampagner\\\/velkomstbonus\\\/\",\"name\":\"Velkomstbonus | 100% op til 500 kr | SlotStars\",\"isPartOf\":{\"@id\":\"https:\\\/\\\/www.slotstars.com\\\/dk\\\/#website\"},\"primaryImageOfPage\":{\"@id\":\"https:\\\/\\\/www.slotstars.com\\\/dk\\\/kampagner\\\/velkomstbonus\\\/#primaryimage\"},\"image\":{\"@id\":\"https:\\\/\\\/www.slotstars.com\\\/dk\\\/kampagner\\\/velkomstbonus\\\/#primaryimage\"},\"thumbnailUrl\":\"https:\\\/\\\/www.slotstars.com\\\/dk\\\/wp-content\\\/uploads\\\/2024\\\/05\\\/2610X699_Denmark-scaled.jpg\",\"datePublished\":\"2024-03-25T09:33:07+00:00\",\"dateModified\":\"2026-03-30T09:58:23+00:00\",\"breadcrumb\":{\"@id\":\"https:\\\/\\\/www.slotstars.com\\\/dk\\\/kampagner\\\/velkomstbonus\\\/#breadcrumb\"},\"inLanguage\":\"en-US\",\"potentialAction\":[{\"@type\":\"ReadAction\",\"target\":[\"https:\\\/\\\/www.slotstars.com\\\/dk\\\/kampagner\\\/velkomstbonus\\\/\"]}]},{\"@type\":\"ImageObject\",\"inLanguage\":\"en-US\",\"@id\":\"https:\\\/\\\/www.slotstars.com\\\/dk\\\/kampagner\\\/velkomstbonus\\\/#primaryimage\",\"url\":\"https:\\\/\\\/www.slotstars.com\\\/dk\\\/wp-content\\\/uploads\\\/2024\\\/05\\\/2610X699_Denmark-scaled.jpg\",\"contentUrl\":\"https:\\\/\\\/www.slotstars.com\\\/dk\\\/wp-content\\\/uploads\\\/2024\\\/05\\\/2610X699_Denmark-scaled.jpg\",\"width\":2560,\"height\":686},{\"@type\":\"BreadcrumbList\",\"@id\":\"https:\\\/\\\/www.slotstars.com\\\/dk\\\/kampagner\\\/velkomstbonus\\\/#breadcrumb\",\"itemListElement\":[{\"@type\":\"ListItem\",\"position\":1,\"name\":\"Home\",\"item\":\"https:\\\/\\\/www.slotstars.com\\\/dk\\\/\"},{\"@type\":\"ListItem\",\"position\":2,\"name\":\"Kampagner\",\"item\":\"https:\\\/\\\/www.slotstars.com\\\/dk\\\/kampagner\\\/\"},{\"@type\":\"ListItem\",\"position\":3,\"name\":\"Velkomstbonus\"}]},{\"@type\":\"WebSite\",\"@id\":\"https:\\\/\\\/www.slotstars.com\\\/dk\\\/#website\",\"url\":\"https:\\\/\\\/www.slotstars.com\\\/dk\\\/\",\"name\":\"Slotstars.com\",\"description\":\"\",\"potentialAction\":[{\"@type\":\"SearchAction\",\"target\":{\"@type\":\"EntryPoint\",\"urlTemplate\":\"https:\\\/\\\/www.slotstars.com\\\/dk\\\/?s={search_term_string}\"},\"query-input\":{\"@type\":\"PropertyValueSpecification\",\"valueRequired\":true,\"valueName\":\"search_term_string\"}}],\"inLanguage\":\"en-US\"}]}<\/script>\n<!-- \/ Yoast SEO plugin. -->","yoast_head_json":{"title":"Velkomstbonus | 100% op til 500 kr | SlotStars","robots":{"index":"index","follow":"follow","max-snippet":"max-snippet:-1","max-image-preview":"max-image-preview:large","max-video-preview":"max-video-preview:-1"},"canonical":"https:\/\/www.slotstars.com\/dk\/kampagner\/velkomstbonus\/","og_locale":"en_US","og_type":"article","og_title":"Velkomstbonus | 100% op til 500 kr | SlotStars","og_description":"Krediteres automatisk ved indbetaling. Der kan anmodes om annullering. Velkomstbonus. G\u00e6lder kun f\u00f8rste indbetaling. Min. indbetaling: 100kr, maks. bonus 500kr. Gennemspilskrav: (indbetaling plus bonus). Eksempel: Indbetal 100kr, f\u00e5 100kr bonus og gennemspil 2,000kr. Kun spilleautomater bidrager. Max. indsats er 50kr. Evt. gevinster ved spil over max. indsats fjernes. Casinobonus til nye spillere: Indbetal og modtag [&hellip;]","og_url":"https:\/\/www.slotstars.com\/dk\/kampagner\/velkomstbonus\/","og_site_name":"Slotstars.com","article_modified_time":"2026-03-30T09:58:23+00:00","og_image":[{"url":"https:\/\/www.slotstars.com\/dk\/wp-content\/uploads\/2024\/05\/2610X699_Denmark-scaled.jpg","type":"","width":"","height":""}],"twitter_card":"summary_large_image","twitter_misc":{"Est. reading time":"2 minutes"},"schema":{"@context":"https:\/\/schema.org","@graph":[{"@type":"WebPage","@id":"https:\/\/www.slotstars.com\/dk\/kampagner\/velkomstbonus\/","url":"https:\/\/www.slotstars.com\/dk\/kampagner\/velkomstbonus\/","name":"Velkomstbonus | 100% op til 500 kr | SlotStars","isPartOf":{"@id":"https:\/\/www.slotstars.com\/dk\/#website"},"primaryImageOfPage":{"@id":"https:\/\/www.slotstars.com\/dk\/kampagner\/velkomstbonus\/#primaryimage"},"image":{"@id":"https:\/\/www.slotstars.com\/dk\/kampagner\/velkomstbonus\/#primaryimage"},"thumbnailUrl":"https:\/\/www.slotstars.com\/dk\/wp-content\/uploads\/2024\/05\/2610X699_Denmark-scaled.jpg","datePublished":"2024-03-25T09:33:07+00:00","dateModified":"2026-03-30T09:58:23+00:00","breadcrumb":{"@id":"https:\/\/www.slotstars.com\/dk\/kampagner\/velkomstbonus\/#breadcrumb"},"inLanguage":"en-US","potentialAction":[{"@type":"ReadAction","target":["https:\/\/www.slotstars.com\/dk\/kampagner\/velkomstbonus\/"]}]},{"@type":"ImageObject","inLanguage":"en-US","@id":"https:\/\/www.slotstars.com\/dk\/kampagner\/velkomstbonus\/#primaryimage","url":"https:\/\/www.slotstars.com\/dk\/wp-content\/uploads\/2024\/05\/2610X699_Denmark-scaled.jpg","contentUrl":"https:\/\/www.slotstars.com\/dk\/wp-content\/uploads\/2024\/05\/2610X699_Denmark-scaled.jpg","width":2560,"height":686},{"@type":"BreadcrumbList","@id":"https:\/\/www.slotstars.com\/dk\/kampagner\/velkomstbonus\/#breadcrumb","itemListElement":[{"@type":"ListItem","position":1,"name":"Home","item":"https:\/\/www.slotstars.com\/dk\/"},{"@type":"ListItem","position":2,"name":"Kampagner","item":"https:\/\/www.slotstars.com\/dk\/kampagner\/"},{"@type":"ListItem","position":3,"name":"Velkomstbonus"}]},{"@type":"WebSite","@id":"https:\/\/www.slotstars.com\/dk\/#website","url":"https:\/\/www.slotstars.com\/dk\/","name":"Slotstars.com","description":"","potentialAction":[{"@type":"SearchAction","target":{"@type":"EntryPoint","urlTemplate":"https:\/\/www.slotstars.com\/dk\/?s={search_term_string}"},"query-input":{"@type":"PropertyValueSpecification","valueRequired":true,"valueName":"search_term_string"}}],"inLanguage":"en-US"}]}},"_links":{"self":[{"href":"https:\/\/www.slotstars.com\/dk\/wp-json\/wp\/v2\/pages\/142","targetHints":{"allow":["GET"]}}],"collection":[{"href":"https:\/\/www.slotstars.com\/dk\/wp-json\/wp\/v2\/pages"}],"about":[{"href":"https:\/\/www.slotstars.com\/dk\/wp-json\/wp\/v2\/types\/page"}],"author":[{"embeddable":true,"href":"https:\/\/www.slotstars.com\/dk\/wp-json\/wp\/v2\/users\/1"}],"replies":[{"embeddable":true,"href":"https:\/\/www.slotstars.com\/dk\/wp-json\/wp\/v2\/comments?post=142"}],"version-history":[{"count":25,"href":"https:\/\/www.slotstars.com\/dk\/wp-json\/wp\/v2\/pages\/142\/revisions"}],"predecessor-version":[{"id":572,"href":"https:\/\/www.slotstars.com\/dk\/wp-json\/wp\/v2\/pages\/142\/revisions\/572"}],"up":[{"embeddable":true,"href":"https:\/\/www.slotstars.com\/dk\/wp-json\/wp\/v2\/pages\/135"}],"wp:attachment":[{"href":"https:\/\/www.slotstars.com\/dk\/wp-json\/wp\/v2\/media?parent=142"}],"curies":[{"name":"wp","href":"https:\/\/api.w.org\/{rel}","templated":true}]}}