{"id":159,"date":"2024-03-25T10:03:30","date_gmt":"2024-03-25T10:03:30","guid":{"rendered":"https:\/\/www.slotstars.com\/dk\/?page_id=159"},"modified":"2024-08-21T06:38:23","modified_gmt":"2024-08-21T06:38:23","slug":"om-os","status":"publish","type":"page","link":"https:\/\/www.slotstars.com\/dk\/om-os\/","title":{"rendered":"OM OS"},"content":{"rendered":"\n<h1 class=\"wp-block-heading\">OM OS<\/h1>\n\n\n\n<h2 class=\"wp-block-heading\">SlotStars Casino<\/h2>\n\n\n\n<p>Velkommen til SlotStars! Vi \u00f8nsker at give dig en fantastisk og sjov online spiloplevelse.<\/p>\n\n\n\n<p>Vi byder p\u00e5 et stort udvalg af forskellige casinospil fra de bedste spilproducenter. Du vil elske vores s\u00e6rlige spil, bonusser og kampagner. Og s\u00e5 er vi her altid for at hj\u00e6lpe dig. Vi g\u00e5r meget op i at yde god service, s\u00f8rge for, at vores spil er af h\u00f8jeste kvalitet, og at dit spil er sikkert. Hos SlotStars vil vi s\u00f8rge for, at du har det sjovt og sikkert, ligesom p\u00e5 det bedste online casino. Er du klar til lidt sjov? Kom og spil med os p\u00e5 SlotStars!<\/p>\n\n\n\n<h2 class=\"wp-block-heading\">Udvalg af spil<\/h2>\n\n\n\n<p>Hos SlotStars finder du mere end 3000 online casinospil. Du kan finde alle typer spil, fra traditionelle slots til nye videoslots, der passer til alle spillere, og vores samling omfatter popul\u00e6re bordspil som blackjack og roulette. For dem, der leder efter et moderne twist, tilbyder SlotStars en r\u00e6kke tematiserede slots, hver med unik grafik, lydspor og sp\u00e6ndende bonusfunktioner. SlotStars har spil fra f\u00f8rende udviklere i branchen, hvilket sikrer et fair og konstant opdateret spiludvalg af h\u00f8j kvalitet, som giver en uovertruffen online casinooplevelse.<\/p>\n\n\n\n<h3 class=\"wp-block-heading\">Sikkerhed og tryghed<\/h3>\n\n\n\n<p>Din sikkerhed er vores topprioritet hos SlotStars. Du kan v\u00e6re sikker p\u00e5, at dine personlige oplysninger og betalingsoplysninger er godt beskyttet med st\u00e6rke sikkerhedsforanstaltninger som 128-bit-kryptering, hvilket sikrer, at dine transaktioner forbliver sikre, og at dine oplysninger aldrig deles med nogen anden. Vi er forpligtet til at g\u00f8re din oplevelse behagelig og stressfri, og derfor er vores kundesupportteam altid klar til at hj\u00e6lpe dig, n\u00e5r du har brug for hj\u00e6lp. Fair gaming er en hj\u00f8rnesten hos SlotStars, og vi kontrollerer regelm\u00e6ssigt vores spil for at garantere fairness og skabe et trov\u00e6rdigt spilmilj\u00f8. Desuden er det nemt at tilmelde sig og navigere rundt p\u00e5 SlotStars takket v\u00e6re vores brugervenlige og \u00e6stetisk tiltalende webdesign, som g\u00f8r din spiloplevelse b\u00e5de enkel og forn\u00f8jelig.<\/p>\n\n\n\n<h3 class=\"wp-block-heading\">Kundesupport<\/h3>\n\n\n\n<p>Hos SlotStars forst\u00e5r vi, at fremragende kundesupport er n\u00f8glen til vores omd\u00f8mme og succes. Derfor er vi stolte af at have et team af professionelle kundeservicerepr\u00e6sentanter, som er eksperter i kasinodrift. Du kan til enhver tid kontakte vores team via vores 24\/7 live chat for at f\u00e5 \u00f8jeblikkelig hj\u00e6lp. Derudover er vi ogs\u00e5 tilg\u00e6ngelige via e-mail og telefon, s\u00e5 du kan kontakte os p\u00e5 den m\u00e5de, der er mest praktisk for dig.<\/p>\n\n\n\n<p>Derudover kan du l\u00e6se den detaljerede <a href=\"https:\/\/www.slotstars.com\/dk\/faq\/\" style=\"text-decoration: underline !important;\">FAQ-sektion<\/a> p\u00e5 vores hjemmeside for at f\u00e5 hurtige svar p\u00e5 dine sp\u00f8rgsm\u00e5l.<\/p>\n","protected":false},"excerpt":{"rendered":"<p>OM OS SlotStars Casino Velkommen til SlotStars! Vi \u00f8nsker at give dig en fantastisk og sjov online spiloplevelse. Vi byder p\u00e5 et stort udvalg af forskellige casinospil fra de bedste spilproducenter. Du vil elske vores s\u00e6rlige spil, bonusser og kampagner. Og s\u00e5 er vi her altid for at hj\u00e6lpe dig. Vi g\u00e5r meget op i [&hellip;]<\/p>\n","protected":false},"author":1,"featured_media":0,"parent":0,"menu_order":0,"comment_status":"closed","ping_status":"closed","template":"content-page.php","meta":{"_acf_changed":false,"footnotes":""},"class_list":["post-159","page","type-page","status-publish","hentry"],"acf":[],"yoast_head":"<!-- This site is optimized with the Yoast SEO plugin v27.3 - https:\/\/yoast.com\/product\/yoast-seo-wordpress\/ -->\n<title>OM OS | 100% op til 500 kr | SlotStars<\/title>\n<meta name=\"robots\" content=\"index, follow, max-snippet:-1, max-image-preview:large, max-video-preview:-1\" \/>\n<link rel=\"canonical\" href=\"https:\/\/www.slotstars.com\/dk\/om-os\/\" \/>\n<meta property=\"og:locale\" content=\"en_US\" \/>\n<meta property=\"og:type\" content=\"article\" \/>\n<meta property=\"og:title\" content=\"OM OS | 100% op til 500 kr | SlotStars\" \/>\n<meta property=\"og:description\" content=\"OM OS SlotStars Casino Velkommen til SlotStars! Vi \u00f8nsker at give dig en fantastisk og sjov online spiloplevelse. Vi byder p\u00e5 et stort udvalg af forskellige casinospil fra de bedste spilproducenter. Du vil elske vores s\u00e6rlige spil, bonusser og kampagner. Og s\u00e5 er vi her altid for at hj\u00e6lpe dig. Vi g\u00e5r meget op i [&hellip;]\" \/>\n<meta property=\"og:url\" content=\"https:\/\/www.slotstars.com\/dk\/om-os\/\" \/>\n<meta property=\"og:site_name\" content=\"Slotstars.com\" \/>\n<meta property=\"article:modified_time\" content=\"2024-08-21T06:38:23+00:00\" \/>\n<meta name=\"twitter:card\" content=\"summary_large_image\" \/>\n<meta name=\"twitter:label1\" content=\"Est. reading time\" \/>\n\t<meta name=\"twitter:data1\" content=\"2 minutes\" \/>\n<script type=\"application\/ld+json\" class=\"yoast-schema-graph\">{\"@context\":\"https:\\\/\\\/schema.org\",\"@graph\":[{\"@type\":\"WebPage\",\"@id\":\"https:\\\/\\\/www.slotstars.com\\\/dk\\\/om-os\\\/\",\"url\":\"https:\\\/\\\/www.slotstars.com\\\/dk\\\/om-os\\\/\",\"name\":\"OM OS | 100% op til 500 kr | SlotStars\",\"isPartOf\":{\"@id\":\"https:\\\/\\\/www.slotstars.com\\\/dk\\\/#website\"},\"datePublished\":\"2024-03-25T10:03:30+00:00\",\"dateModified\":\"2024-08-21T06:38:23+00:00\",\"breadcrumb\":{\"@id\":\"https:\\\/\\\/www.slotstars.com\\\/dk\\\/om-os\\\/#breadcrumb\"},\"inLanguage\":\"en-US\",\"potentialAction\":[{\"@type\":\"ReadAction\",\"target\":[\"https:\\\/\\\/www.slotstars.com\\\/dk\\\/om-os\\\/\"]}]},{\"@type\":\"BreadcrumbList\",\"@id\":\"https:\\\/\\\/www.slotstars.com\\\/dk\\\/om-os\\\/#breadcrumb\",\"itemListElement\":[{\"@type\":\"ListItem\",\"position\":1,\"name\":\"Home\",\"item\":\"https:\\\/\\\/www.slotstars.com\\\/dk\\\/\"},{\"@type\":\"ListItem\",\"position\":2,\"name\":\"OM OS\"}]},{\"@type\":\"WebSite\",\"@id\":\"https:\\\/\\\/www.slotstars.com\\\/dk\\\/#website\",\"url\":\"https:\\\/\\\/www.slotstars.com\\\/dk\\\/\",\"name\":\"Slotstars.com\",\"description\":\"\",\"potentialAction\":[{\"@type\":\"SearchAction\",\"target\":{\"@type\":\"EntryPoint\",\"urlTemplate\":\"https:\\\/\\\/www.slotstars.com\\\/dk\\\/?s={search_term_string}\"},\"query-input\":{\"@type\":\"PropertyValueSpecification\",\"valueRequired\":true,\"valueName\":\"search_term_string\"}}],\"inLanguage\":\"en-US\"}]}<\/script>\n<!-- \/ Yoast SEO plugin. -->","yoast_head_json":{"title":"OM OS | 100% op til 500 kr | SlotStars","robots":{"index":"index","follow":"follow","max-snippet":"max-snippet:-1","max-image-preview":"max-image-preview:large","max-video-preview":"max-video-preview:-1"},"canonical":"https:\/\/www.slotstars.com\/dk\/om-os\/","og_locale":"en_US","og_type":"article","og_title":"OM OS | 100% op til 500 kr | SlotStars","og_description":"OM OS SlotStars Casino Velkommen til SlotStars! Vi \u00f8nsker at give dig en fantastisk og sjov online spiloplevelse. Vi byder p\u00e5 et stort udvalg af forskellige casinospil fra de bedste spilproducenter. Du vil elske vores s\u00e6rlige spil, bonusser og kampagner. Og s\u00e5 er vi her altid for at hj\u00e6lpe dig. Vi g\u00e5r meget op i [&hellip;]","og_url":"https:\/\/www.slotstars.com\/dk\/om-os\/","og_site_name":"Slotstars.com","article_modified_time":"2024-08-21T06:38:23+00:00","twitter_card":"summary_large_image","twitter_misc":{"Est. reading time":"2 minutes"},"schema":{"@context":"https:\/\/schema.org","@graph":[{"@type":"WebPage","@id":"https:\/\/www.slotstars.com\/dk\/om-os\/","url":"https:\/\/www.slotstars.com\/dk\/om-os\/","name":"OM OS | 100% op til 500 kr | SlotStars","isPartOf":{"@id":"https:\/\/www.slotstars.com\/dk\/#website"},"datePublished":"2024-03-25T10:03:30+00:00","dateModified":"2024-08-21T06:38:23+00:00","breadcrumb":{"@id":"https:\/\/www.slotstars.com\/dk\/om-os\/#breadcrumb"},"inLanguage":"en-US","potentialAction":[{"@type":"ReadAction","target":["https:\/\/www.slotstars.com\/dk\/om-os\/"]}]},{"@type":"BreadcrumbList","@id":"https:\/\/www.slotstars.com\/dk\/om-os\/#breadcrumb","itemListElement":[{"@type":"ListItem","position":1,"name":"Home","item":"https:\/\/www.slotstars.com\/dk\/"},{"@type":"ListItem","position":2,"name":"OM OS"}]},{"@type":"WebSite","@id":"https:\/\/www.slotstars.com\/dk\/#website","url":"https:\/\/www.slotstars.com\/dk\/","name":"Slotstars.com","description":"","potentialAction":[{"@type":"SearchAction","target":{"@type":"EntryPoint","urlTemplate":"https:\/\/www.slotstars.com\/dk\/?s={search_term_string}"},"query-input":{"@type":"PropertyValueSpecification","valueRequired":true,"valueName":"search_term_string"}}],"inLanguage":"en-US"}]}},"_links":{"self":[{"href":"https:\/\/www.slotstars.com\/dk\/wp-json\/wp\/v2\/pages\/159","targetHints":{"allow":["GET"]}}],"collection":[{"href":"https:\/\/www.slotstars.com\/dk\/wp-json\/wp\/v2\/pages"}],"about":[{"href":"https:\/\/www.slotstars.com\/dk\/wp-json\/wp\/v2\/types\/page"}],"author":[{"embeddable":true,"href":"https:\/\/www.slotstars.com\/dk\/wp-json\/wp\/v2\/users\/1"}],"replies":[{"embeddable":true,"href":"https:\/\/www.slotstars.com\/dk\/wp-json\/wp\/v2\/comments?post=159"}],"version-history":[{"count":12,"href":"https:\/\/www.slotstars.com\/dk\/wp-json\/wp\/v2\/pages\/159\/revisions"}],"predecessor-version":[{"id":567,"href":"https:\/\/www.slotstars.com\/dk\/wp-json\/wp\/v2\/pages\/159\/revisions\/567"}],"wp:attachment":[{"href":"https:\/\/www.slotstars.com\/dk\/wp-json\/wp\/v2\/media?parent=159"}],"curies":[{"name":"wp","href":"https:\/\/api.w.org\/{rel}","templated":true}]}}