{"id":298,"date":"2024-04-02T13:49:12","date_gmt":"2024-04-02T13:49:12","guid":{"rendered":"https:\/\/casinoandfriends.mediacle.net\/?page_id=298"},"modified":"2024-06-07T11:59:51","modified_gmt":"2024-06-07T11:59:51","slug":"daglige-valg","status":"publish","type":"page","link":"https:\/\/www.slotstars.com\/dk\/daglige-valg\/","title":{"rendered":"Daglige valg"},"content":{"rendered":"\n<h1 style=\"text-transform:uppercase;\" class=\"wp-block-heading\">Daglige valg<\/h1>\n\n\n\n<h2 class=\"wp-block-heading\">Nye tilbud hver dag!<\/h2>\n\n\n\n<p>Er du ikke helt sikker p\u00e5, hvad du skal spille? Er der noget, du mangler for at komme i gang? Tag et kig p\u00e5 Daily Picks, der er nye tilbud hver dag i ugen, som vi har h\u00e5ndplukket kun til dig!<\/p>\n\n\n\n<p>Daily Picks har alle slags tilbud til alle spillere. Vi ved, at ikke to spillere er ens. Vi foretr\u00e6kker alle forskellige ting og har forskellige pr\u00e6ferencer. Derfor im\u00f8dekommer vi enhver smag for at give alle en tilfredsstillende oplevelse.<\/p>\n\n\n\n<p>Ligegyldigt hvad du kan lide, vil du altid finde noget fantastisk, der venter p\u00e5 dig i dine Daily Picks. Hver dag er der forskellige tilbud, og du kan v\u00e6lge et nyt hver dag!<\/p>\n\n\n\n<p>S\u00e5 hvad har du i vente i dag? Der er kun \u00e9n m\u00e5de at finde ud af det p\u00e5. G\u00e5 til dine Daily Picks nu!<\/p>\n\n\n\n<center><a href=\"Javascript:openAuth();void(0);\"><p class=\"has-text-align-center\" style=\"        margin: 0px;\n    margin-top: 7px;\n    display: inline-block;\n    font-family: 'ubuntu-light';\n    padding: 12px 42px;\n    font-weight: 600;\n    letter-spacing: 0.8px;\n    border-radius: 100px;\n    text-transform: uppercase;\n    font-size: 14px;\n    background: #2796FF;\n    border: 1px solid #2796FF;\n    color: #fff;\">Er du klar til at spille?<\/p><\/a><\/center>\n","protected":false},"excerpt":{"rendered":"<p>Daglige valg Nye tilbud hver dag! Er du ikke helt sikker p\u00e5, hvad du skal spille? Er der noget, du mangler for at komme i gang? Tag et kig p\u00e5 Daily Picks, der er nye tilbud hver dag i ugen, som vi har h\u00e5ndplukket kun til dig! Daily Picks har alle slags tilbud til alle [&hellip;]<\/p>\n","protected":false},"author":2,"featured_media":0,"parent":0,"menu_order":0,"comment_status":"closed","ping_status":"closed","template":"content-page.php","meta":{"_acf_changed":false,"footnotes":""},"class_list":["post-298","page","type-page","status-publish","hentry"],"acf":[],"yoast_head":"<!-- This site is optimized with the Yoast SEO plugin v27.3 - https:\/\/yoast.com\/product\/yoast-seo-wordpress\/ -->\n<title>Daglige valg | 100% op til 500 kr | SlotStars<\/title>\n<meta name=\"robots\" content=\"index, follow, max-snippet:-1, max-image-preview:large, max-video-preview:-1\" \/>\n<link rel=\"canonical\" href=\"https:\/\/www.slotstars.com\/dk\/daglige-valg\/\" \/>\n<meta property=\"og:locale\" content=\"en_US\" \/>\n<meta property=\"og:type\" content=\"article\" \/>\n<meta property=\"og:title\" content=\"Daglige valg | 100% op til 500 kr | SlotStars\" \/>\n<meta property=\"og:description\" content=\"Daglige valg Nye tilbud hver dag! Er du ikke helt sikker p\u00e5, hvad du skal spille? Er der noget, du mangler for at komme i gang? Tag et kig p\u00e5 Daily Picks, der er nye tilbud hver dag i ugen, som vi har h\u00e5ndplukket kun til dig! Daily Picks har alle slags tilbud til alle [&hellip;]\" \/>\n<meta property=\"og:url\" content=\"https:\/\/www.slotstars.com\/dk\/daglige-valg\/\" \/>\n<meta property=\"og:site_name\" content=\"Slotstars.com\" \/>\n<meta property=\"article:modified_time\" content=\"2024-06-07T11:59:51+00:00\" \/>\n<meta name=\"twitter:card\" content=\"summary_large_image\" \/>\n<meta name=\"twitter:label1\" content=\"Est. reading time\" \/>\n\t<meta name=\"twitter:data1\" content=\"1 minute\" \/>\n<script type=\"application\/ld+json\" class=\"yoast-schema-graph\">{\"@context\":\"https:\\\/\\\/schema.org\",\"@graph\":[{\"@type\":\"WebPage\",\"@id\":\"https:\\\/\\\/www.slotstars.com\\\/dk\\\/daglige-valg\\\/\",\"url\":\"https:\\\/\\\/www.slotstars.com\\\/dk\\\/daglige-valg\\\/\",\"name\":\"Daglige valg | 100% op til 500 kr | SlotStars\",\"isPartOf\":{\"@id\":\"https:\\\/\\\/www.slotstars.com\\\/dk\\\/#website\"},\"datePublished\":\"2024-04-02T13:49:12+00:00\",\"dateModified\":\"2024-06-07T11:59:51+00:00\",\"breadcrumb\":{\"@id\":\"https:\\\/\\\/www.slotstars.com\\\/dk\\\/daglige-valg\\\/#breadcrumb\"},\"inLanguage\":\"en-US\",\"potentialAction\":[{\"@type\":\"ReadAction\",\"target\":[\"https:\\\/\\\/www.slotstars.com\\\/dk\\\/daglige-valg\\\/\"]}]},{\"@type\":\"BreadcrumbList\",\"@id\":\"https:\\\/\\\/www.slotstars.com\\\/dk\\\/daglige-valg\\\/#breadcrumb\",\"itemListElement\":[{\"@type\":\"ListItem\",\"position\":1,\"name\":\"Home\",\"item\":\"https:\\\/\\\/www.slotstars.com\\\/dk\\\/\"},{\"@type\":\"ListItem\",\"position\":2,\"name\":\"Daglige valg\"}]},{\"@type\":\"WebSite\",\"@id\":\"https:\\\/\\\/www.slotstars.com\\\/dk\\\/#website\",\"url\":\"https:\\\/\\\/www.slotstars.com\\\/dk\\\/\",\"name\":\"Slotstars.com\",\"description\":\"\",\"potentialAction\":[{\"@type\":\"SearchAction\",\"target\":{\"@type\":\"EntryPoint\",\"urlTemplate\":\"https:\\\/\\\/www.slotstars.com\\\/dk\\\/?s={search_term_string}\"},\"query-input\":{\"@type\":\"PropertyValueSpecification\",\"valueRequired\":true,\"valueName\":\"search_term_string\"}}],\"inLanguage\":\"en-US\"}]}<\/script>\n<!-- \/ Yoast SEO plugin. -->","yoast_head_json":{"title":"Daglige valg | 100% op til 500 kr | SlotStars","robots":{"index":"index","follow":"follow","max-snippet":"max-snippet:-1","max-image-preview":"max-image-preview:large","max-video-preview":"max-video-preview:-1"},"canonical":"https:\/\/www.slotstars.com\/dk\/daglige-valg\/","og_locale":"en_US","og_type":"article","og_title":"Daglige valg | 100% op til 500 kr | SlotStars","og_description":"Daglige valg Nye tilbud hver dag! Er du ikke helt sikker p\u00e5, hvad du skal spille? Er der noget, du mangler for at komme i gang? Tag et kig p\u00e5 Daily Picks, der er nye tilbud hver dag i ugen, som vi har h\u00e5ndplukket kun til dig! Daily Picks har alle slags tilbud til alle [&hellip;]","og_url":"https:\/\/www.slotstars.com\/dk\/daglige-valg\/","og_site_name":"Slotstars.com","article_modified_time":"2024-06-07T11:59:51+00:00","twitter_card":"summary_large_image","twitter_misc":{"Est. reading time":"1 minute"},"schema":{"@context":"https:\/\/schema.org","@graph":[{"@type":"WebPage","@id":"https:\/\/www.slotstars.com\/dk\/daglige-valg\/","url":"https:\/\/www.slotstars.com\/dk\/daglige-valg\/","name":"Daglige valg | 100% op til 500 kr | SlotStars","isPartOf":{"@id":"https:\/\/www.slotstars.com\/dk\/#website"},"datePublished":"2024-04-02T13:49:12+00:00","dateModified":"2024-06-07T11:59:51+00:00","breadcrumb":{"@id":"https:\/\/www.slotstars.com\/dk\/daglige-valg\/#breadcrumb"},"inLanguage":"en-US","potentialAction":[{"@type":"ReadAction","target":["https:\/\/www.slotstars.com\/dk\/daglige-valg\/"]}]},{"@type":"BreadcrumbList","@id":"https:\/\/www.slotstars.com\/dk\/daglige-valg\/#breadcrumb","itemListElement":[{"@type":"ListItem","position":1,"name":"Home","item":"https:\/\/www.slotstars.com\/dk\/"},{"@type":"ListItem","position":2,"name":"Daglige valg"}]},{"@type":"WebSite","@id":"https:\/\/www.slotstars.com\/dk\/#website","url":"https:\/\/www.slotstars.com\/dk\/","name":"Slotstars.com","description":"","potentialAction":[{"@type":"SearchAction","target":{"@type":"EntryPoint","urlTemplate":"https:\/\/www.slotstars.com\/dk\/?s={search_term_string}"},"query-input":{"@type":"PropertyValueSpecification","valueRequired":true,"valueName":"search_term_string"}}],"inLanguage":"en-US"}]}},"_links":{"self":[{"href":"https:\/\/www.slotstars.com\/dk\/wp-json\/wp\/v2\/pages\/298","targetHints":{"allow":["GET"]}}],"collection":[{"href":"https:\/\/www.slotstars.com\/dk\/wp-json\/wp\/v2\/pages"}],"about":[{"href":"https:\/\/www.slotstars.com\/dk\/wp-json\/wp\/v2\/types\/page"}],"author":[{"embeddable":true,"href":"https:\/\/www.slotstars.com\/dk\/wp-json\/wp\/v2\/users\/2"}],"replies":[{"embeddable":true,"href":"https:\/\/www.slotstars.com\/dk\/wp-json\/wp\/v2\/comments?post=298"}],"version-history":[{"count":4,"href":"https:\/\/www.slotstars.com\/dk\/wp-json\/wp\/v2\/pages\/298\/revisions"}],"predecessor-version":[{"id":508,"href":"https:\/\/www.slotstars.com\/dk\/wp-json\/wp\/v2\/pages\/298\/revisions\/508"}],"wp:attachment":[{"href":"https:\/\/www.slotstars.com\/dk\/wp-json\/wp\/v2\/media?parent=298"}],"curies":[{"name":"wp","href":"https:\/\/api.w.org\/{rel}","templated":true}]}}