{"id":142,"date":"2024-03-25T09:33:07","date_gmt":"2024-03-25T09:33:07","guid":{"rendered":"https:\/\/www.slotstars.com\/es-mx\/?page_id=142"},"modified":"2024-07-22T09:56:55","modified_gmt":"2024-07-22T09:56:55","slug":"bono-de-bienvenida","status":"publish","type":"page","link":"https:\/\/www.slotstars.com\/es-mx\/promociones\/bono-de-bienvenida\/","title":{"rendered":"BONO DE BIENVENIDA"},"content":{"rendered":"\n<figure class=\"wp-block-image alignfull size-full\"><a href=\"javascript:openAuth();void(0);\"><img decoding=\"async\" src=\"https:\/\/www.slotstars.com\/es-mx\/wp-content\/uploads\/2024\/05\/2610X699_ES_Mexico-scaled.jpg\" alt=\"\" class=\"img-responsive pr5\"\/><\/a>\n<a href=\"javascript:openAuth();void(0);\"><img decoding=\"async\" style=\"margin-bottom:20px;display:none;\" src=\"https:\/\/www.slotstars.com\/es-mx\/wp-content\/uploads\/2024\/05\/ES-MX_480x380-1.jpg\" alt=\"\" class=\"img-responsive pr2\"\/><\/a>\n<\/figure>\n\n\n\n<p>Se acredita autom\u00e1ticamente tras el dep\u00f3sito. Se puede solicitar la cancelaci\u00f3n. Solo para el primer dep\u00f3sito. Dep\u00f3sito m\u00ednimo: $10, m\u00e1x. Bono $100. Juego: Book of Dead, Valor de Giro: $0.1. Requisitos de rejugado: 30 veces el dep\u00f3sito + el Bono recibido y 60 veces las ganancias de los Giros Gratis (solo en m\u00e1quinas tragamonedas) antes de 30 d\u00edas. La apuesta m\u00e1xima es el 10% (m\u00edn. $0,10) de las ganancias en giros gratis y el Bono recibido, o $5 (aplica el monto m\u00ednimo). Los giros deben ser jugados y\/o el Bono debe ser solicitado antes de utilizar los fondos depositados. El Bono de Dep\u00f3sito\/Bienvenida solo podr\u00e1 ser solicitado una vez cada 72 horas en todos nuestros Casinos. \n\t\t<a href=\"https:\/\/son-direct.com\/?appName=SlotStars&amp;lang=EN&amp;name=bonus_policy\" target=\"_self\" rel=\"noopener\"> Aplican Pol\u00edticas de Bonos. <\/a><\/p>\n\n\n\n<h2 style=\"  color: #2796FF !important;\" class=\"wp-block-heading\">Bono para Nuevos Jugadores del Casino:<\/h2>\n\n\n\n<p><strong>Deposita y recibe hasta $100 de bono de casino + 50 GIROS GRATIS en Rich Wilde and the Book of Dead<\/strong><\/p>\n\n\n\n<p><\/p>\n\n\n\n<p><a href=\"javascript:openAuth();void(0);\" style=\"color:#fff !important;\"><p class=\"play1\" style=\"font-weight:600;margin-top:30px;margin-bottom:30px;display:block;width: 150px;\">\u00a1Juega ahora!<\/p><\/a><\/p>\n\n\n\n<p>En SlotStars, queremos que empiece a disfrutar de nuestras emocionantes ventajas desde el primer momento. Por eso te ofrecemos una bonificaci\u00f3n en cuanto te registres.<\/p>\n\n<p>Nuestro bono de bienvenida le permite experimentar la equidad de nuestros juegos, y estamos seguros de que disfrutar\u00e1 jugando con nosotros. Para optar a la oferta de bienvenida, s\u00f3lo tiene que registrarse y realizar un dep\u00f3sito m\u00ednimo de $10.<\/p>\n\n<p>Tenga en cuenta que deber\u00e1 utilizar las tiradas concedidas antes de acceder al importe de la bonificaci\u00f3n. Aseg\u00farese de cumplir todos los t\u00e9rminos y condiciones de la oferta de bienvenida. De lo contrario, el bono podr\u00eda ser revocado, algo que queremos evitar.<\/p>\n\n<p>Nuestro objetivo es recompensarle por elegirnos. Reg\u00edstrese, realice el dep\u00f3sito correspondiente y disfrute de nuestra generosa oferta de bienvenida. Ser\u00e1 dif\u00edcil encontrar una oferta tan buena.<\/p>\n","protected":false},"excerpt":{"rendered":"<p>Se acredita autom\u00e1ticamente tras el dep\u00f3sito. Se puede solicitar la cancelaci\u00f3n. Solo para el primer dep\u00f3sito. Dep\u00f3sito m\u00ednimo: $10, m\u00e1x. Bono $100. Juego: Book of Dead, Valor de Giro: $0.1. Requisitos de rejugado: 30 veces el dep\u00f3sito + el Bono recibido y 60 veces las ganancias de los Giros Gratis (solo en m\u00e1quinas tragamonedas) antes [&hellip;]<\/p>\n","protected":false},"author":1,"featured_media":0,"parent":135,"menu_order":0,"comment_status":"closed","ping_status":"closed","template":"content-page.php","meta":{"_acf_changed":false,"footnotes":""},"class_list":["post-142","page","type-page","status-publish","hentry"],"acf":[],"yoast_head":"<!-- This site is optimized with the Yoast SEO plugin v27.3 - https:\/\/yoast.com\/product\/yoast-seo-wordpress\/ -->\n<title>BONO DE BIENVENIDA | 100% hasta $100 + 50 giros gratis | SlotStars<\/title>\n<meta name=\"robots\" content=\"index, follow, max-snippet:-1, max-image-preview:large, max-video-preview:-1\" \/>\n<link rel=\"canonical\" href=\"https:\/\/www.slotstars.com\/es-mx\/promociones\/bono-de-bienvenida\/\" \/>\n<meta property=\"og:locale\" content=\"en_US\" \/>\n<meta property=\"og:type\" content=\"article\" \/>\n<meta property=\"og:title\" content=\"BONO DE BIENVENIDA | 100% hasta $100 + 50 giros gratis | SlotStars\" \/>\n<meta property=\"og:description\" content=\"Se acredita autom\u00e1ticamente tras el dep\u00f3sito. Se puede solicitar la cancelaci\u00f3n. Solo para el primer dep\u00f3sito. Dep\u00f3sito m\u00ednimo: $10, m\u00e1x. Bono $100. Juego: Book of Dead, Valor de Giro: $0.1. Requisitos de rejugado: 30 veces el dep\u00f3sito + el Bono recibido y 60 veces las ganancias de los Giros Gratis (solo en m\u00e1quinas tragamonedas) antes [&hellip;]\" \/>\n<meta property=\"og:url\" content=\"https:\/\/www.slotstars.com\/es-mx\/promociones\/bono-de-bienvenida\/\" \/>\n<meta property=\"og:site_name\" content=\"Slotstars.com\" \/>\n<meta property=\"article:modified_time\" content=\"2024-07-22T09:56:55+00:00\" \/>\n<meta property=\"og:image\" content=\"https:\/\/www.slotstars.com\/es-mx\/wp-content\/uploads\/2024\/05\/2610X699_ES_Mexico-scaled.jpg\" \/>\n<meta name=\"twitter:card\" content=\"summary_large_image\" \/>\n<meta name=\"twitter:label1\" content=\"Est. reading time\" \/>\n\t<meta name=\"twitter:data1\" content=\"2 minutes\" \/>\n<script type=\"application\/ld+json\" class=\"yoast-schema-graph\">{\"@context\":\"https:\\\/\\\/schema.org\",\"@graph\":[{\"@type\":\"WebPage\",\"@id\":\"https:\\\/\\\/www.slotstars.com\\\/es-mx\\\/promociones\\\/bono-de-bienvenida\\\/\",\"url\":\"https:\\\/\\\/www.slotstars.com\\\/es-mx\\\/promociones\\\/bono-de-bienvenida\\\/\",\"name\":\"BONO DE BIENVENIDA | 100% hasta $100 + 50 giros gratis | SlotStars\",\"isPartOf\":{\"@id\":\"https:\\\/\\\/www.slotstars.com\\\/es-mx\\\/#website\"},\"primaryImageOfPage\":{\"@id\":\"https:\\\/\\\/www.slotstars.com\\\/es-mx\\\/promociones\\\/bono-de-bienvenida\\\/#primaryimage\"},\"image\":{\"@id\":\"https:\\\/\\\/www.slotstars.com\\\/es-mx\\\/promociones\\\/bono-de-bienvenida\\\/#primaryimage\"},\"thumbnailUrl\":\"https:\\\/\\\/www.slotstars.com\\\/es-mx\\\/wp-content\\\/uploads\\\/2024\\\/05\\\/2610X699_ES_Mexico-scaled.jpg\",\"datePublished\":\"2024-03-25T09:33:07+00:00\",\"dateModified\":\"2024-07-22T09:56:55+00:00\",\"breadcrumb\":{\"@id\":\"https:\\\/\\\/www.slotstars.com\\\/es-mx\\\/promociones\\\/bono-de-bienvenida\\\/#breadcrumb\"},\"inLanguage\":\"en-US\",\"potentialAction\":[{\"@type\":\"ReadAction\",\"target\":[\"https:\\\/\\\/www.slotstars.com\\\/es-mx\\\/promociones\\\/bono-de-bienvenida\\\/\"]}]},{\"@type\":\"ImageObject\",\"inLanguage\":\"en-US\",\"@id\":\"https:\\\/\\\/www.slotstars.com\\\/es-mx\\\/promociones\\\/bono-de-bienvenida\\\/#primaryimage\",\"url\":\"https:\\\/\\\/www.slotstars.com\\\/es-mx\\\/wp-content\\\/uploads\\\/2024\\\/05\\\/2610X699_ES_Mexico-scaled.jpg\",\"contentUrl\":\"https:\\\/\\\/www.slotstars.com\\\/es-mx\\\/wp-content\\\/uploads\\\/2024\\\/05\\\/2610X699_ES_Mexico-scaled.jpg\",\"width\":2560,\"height\":686},{\"@type\":\"BreadcrumbList\",\"@id\":\"https:\\\/\\\/www.slotstars.com\\\/es-mx\\\/promociones\\\/bono-de-bienvenida\\\/#breadcrumb\",\"itemListElement\":[{\"@type\":\"ListItem\",\"position\":1,\"name\":\"Home\",\"item\":\"https:\\\/\\\/www.slotstars.com\\\/es-mx\\\/\"},{\"@type\":\"ListItem\",\"position\":2,\"name\":\"PROMOCIONES\",\"item\":\"https:\\\/\\\/www.slotstars.com\\\/es-mx\\\/promociones\\\/\"},{\"@type\":\"ListItem\",\"position\":3,\"name\":\"BONO DE BIENVENIDA\"}]},{\"@type\":\"WebSite\",\"@id\":\"https:\\\/\\\/www.slotstars.com\\\/es-mx\\\/#website\",\"url\":\"https:\\\/\\\/www.slotstars.com\\\/es-mx\\\/\",\"name\":\"Slotstars.com\",\"description\":\"\",\"potentialAction\":[{\"@type\":\"SearchAction\",\"target\":{\"@type\":\"EntryPoint\",\"urlTemplate\":\"https:\\\/\\\/www.slotstars.com\\\/es-mx\\\/?s={search_term_string}\"},\"query-input\":{\"@type\":\"PropertyValueSpecification\",\"valueRequired\":true,\"valueName\":\"search_term_string\"}}],\"inLanguage\":\"en-US\"}]}<\/script>\n<!-- \/ Yoast SEO plugin. -->","yoast_head_json":{"title":"BONO DE BIENVENIDA | 100% hasta $100 + 50 giros gratis | SlotStars","robots":{"index":"index","follow":"follow","max-snippet":"max-snippet:-1","max-image-preview":"max-image-preview:large","max-video-preview":"max-video-preview:-1"},"canonical":"https:\/\/www.slotstars.com\/es-mx\/promociones\/bono-de-bienvenida\/","og_locale":"en_US","og_type":"article","og_title":"BONO DE BIENVENIDA | 100% hasta $100 + 50 giros gratis | SlotStars","og_description":"Se acredita autom\u00e1ticamente tras el dep\u00f3sito. Se puede solicitar la cancelaci\u00f3n. Solo para el primer dep\u00f3sito. Dep\u00f3sito m\u00ednimo: $10, m\u00e1x. Bono $100. Juego: Book of Dead, Valor de Giro: $0.1. Requisitos de rejugado: 30 veces el dep\u00f3sito + el Bono recibido y 60 veces las ganancias de los Giros Gratis (solo en m\u00e1quinas tragamonedas) antes [&hellip;]","og_url":"https:\/\/www.slotstars.com\/es-mx\/promociones\/bono-de-bienvenida\/","og_site_name":"Slotstars.com","article_modified_time":"2024-07-22T09:56:55+00:00","og_image":[{"url":"https:\/\/www.slotstars.com\/es-mx\/wp-content\/uploads\/2024\/05\/2610X699_ES_Mexico-scaled.jpg","type":"","width":"","height":""}],"twitter_card":"summary_large_image","twitter_misc":{"Est. reading time":"2 minutes"},"schema":{"@context":"https:\/\/schema.org","@graph":[{"@type":"WebPage","@id":"https:\/\/www.slotstars.com\/es-mx\/promociones\/bono-de-bienvenida\/","url":"https:\/\/www.slotstars.com\/es-mx\/promociones\/bono-de-bienvenida\/","name":"BONO DE BIENVENIDA | 100% hasta $100 + 50 giros gratis | SlotStars","isPartOf":{"@id":"https:\/\/www.slotstars.com\/es-mx\/#website"},"primaryImageOfPage":{"@id":"https:\/\/www.slotstars.com\/es-mx\/promociones\/bono-de-bienvenida\/#primaryimage"},"image":{"@id":"https:\/\/www.slotstars.com\/es-mx\/promociones\/bono-de-bienvenida\/#primaryimage"},"thumbnailUrl":"https:\/\/www.slotstars.com\/es-mx\/wp-content\/uploads\/2024\/05\/2610X699_ES_Mexico-scaled.jpg","datePublished":"2024-03-25T09:33:07+00:00","dateModified":"2024-07-22T09:56:55+00:00","breadcrumb":{"@id":"https:\/\/www.slotstars.com\/es-mx\/promociones\/bono-de-bienvenida\/#breadcrumb"},"inLanguage":"en-US","potentialAction":[{"@type":"ReadAction","target":["https:\/\/www.slotstars.com\/es-mx\/promociones\/bono-de-bienvenida\/"]}]},{"@type":"ImageObject","inLanguage":"en-US","@id":"https:\/\/www.slotstars.com\/es-mx\/promociones\/bono-de-bienvenida\/#primaryimage","url":"https:\/\/www.slotstars.com\/es-mx\/wp-content\/uploads\/2024\/05\/2610X699_ES_Mexico-scaled.jpg","contentUrl":"https:\/\/www.slotstars.com\/es-mx\/wp-content\/uploads\/2024\/05\/2610X699_ES_Mexico-scaled.jpg","width":2560,"height":686},{"@type":"BreadcrumbList","@id":"https:\/\/www.slotstars.com\/es-mx\/promociones\/bono-de-bienvenida\/#breadcrumb","itemListElement":[{"@type":"ListItem","position":1,"name":"Home","item":"https:\/\/www.slotstars.com\/es-mx\/"},{"@type":"ListItem","position":2,"name":"PROMOCIONES","item":"https:\/\/www.slotstars.com\/es-mx\/promociones\/"},{"@type":"ListItem","position":3,"name":"BONO DE BIENVENIDA"}]},{"@type":"WebSite","@id":"https:\/\/www.slotstars.com\/es-mx\/#website","url":"https:\/\/www.slotstars.com\/es-mx\/","name":"Slotstars.com","description":"","potentialAction":[{"@type":"SearchAction","target":{"@type":"EntryPoint","urlTemplate":"https:\/\/www.slotstars.com\/es-mx\/?s={search_term_string}"},"query-input":{"@type":"PropertyValueSpecification","valueRequired":true,"valueName":"search_term_string"}}],"inLanguage":"en-US"}]}},"_links":{"self":[{"href":"https:\/\/www.slotstars.com\/es-mx\/wp-json\/wp\/v2\/pages\/142","targetHints":{"allow":["GET"]}}],"collection":[{"href":"https:\/\/www.slotstars.com\/es-mx\/wp-json\/wp\/v2\/pages"}],"about":[{"href":"https:\/\/www.slotstars.com\/es-mx\/wp-json\/wp\/v2\/types\/page"}],"author":[{"embeddable":true,"href":"https:\/\/www.slotstars.com\/es-mx\/wp-json\/wp\/v2\/users\/1"}],"replies":[{"embeddable":true,"href":"https:\/\/www.slotstars.com\/es-mx\/wp-json\/wp\/v2\/comments?post=142"}],"version-history":[{"count":27,"href":"https:\/\/www.slotstars.com\/es-mx\/wp-json\/wp\/v2\/pages\/142\/revisions"}],"predecessor-version":[{"id":566,"href":"https:\/\/www.slotstars.com\/es-mx\/wp-json\/wp\/v2\/pages\/142\/revisions\/566"}],"up":[{"embeddable":true,"href":"https:\/\/www.slotstars.com\/es-mx\/wp-json\/wp\/v2\/pages\/135"}],"wp:attachment":[{"href":"https:\/\/www.slotstars.com\/es-mx\/wp-json\/wp\/v2\/media?parent=142"}],"curies":[{"name":"wp","href":"https:\/\/api.w.org\/{rel}","templated":true}]}}