{"id":159,"date":"2024-03-25T10:03:30","date_gmt":"2024-03-25T10:03:30","guid":{"rendered":"https:\/\/www.slotstars.com\/es-mx\/?page_id=159"},"modified":"2024-07-22T09:49:33","modified_gmt":"2024-07-22T09:49:33","slug":"acerca-de-nosotros","status":"publish","type":"page","link":"https:\/\/www.slotstars.com\/es-mx\/acerca-de-nosotros\/","title":{"rendered":"ACERCA DE NOSOTROS"},"content":{"rendered":"\n<h2 style=\"text-transform:uppercase;\" class=\"wp-block-heading\">Acerca de nosotros<\/h2>\n\n\n\n<h2 class=\"wp-block-heading\">Casino SlotStars<\/h2>\n\n\n\n<p>\u00a1Bienvenido a SlotStars! Estamos aqu\u00ed para ofrecerte una experiencia de juego en l\u00ednea fant\u00e1stica y divertida.<\/p>\n\n\n\n<p>Tenemos muchos juegos de casino diferentes de los mejores creadores de juegos. Te encantar\u00e1n nuestros juegos especiales, bonos y promociones. Adem\u00e1s, siempre estamos aqu\u00ed para ayudarte. Nos importa mucho ofrecer un servicio excelente, asegurarnos de que nuestros juegos sean de la m\u00e1s alta calidad y mantener tu juego seguro. En SlotStars, queremos asegurarnos de que te diviertas y est\u00e9s seguro, como lo har\u00edas en el mejor casino en l\u00ednea. \u00bfListo para divertirte? \u00a1Ven y juega con nosotros en SlotStars!<\/p>\n\n\n\n<h2 class=\"wp-block-heading\">Selecci\u00f3n de Juegos<\/h2>\n\n\n\n<p>SlotStars tiene m\u00e1s de 3000 juegos de casino en l\u00ednea. Puedes encontrar todo tipo de juegos, desde m\u00e1quinas tragamonedas tradicionales hasta nuevas tragamonedas de video, adecuadas para cada jugador. Nuestra colecci\u00f3n incluye juegos de mesa populares como el blackjack y la ruleta. Para aquellos que buscan un giro moderno, SlotStars ofrece una variedad de tragamonedas tem\u00e1ticas, cada una con gr\u00e1ficos \u00fanicos, bandas sonoras y emocionantes caracter\u00edsticas de bonificaci\u00f3n. Con juegos provenientes de los principales desarrolladores de la industria, SlotStars garantiza una selecci\u00f3n de juegos de alta calidad, justa y constantemente actualizada para una experiencia de casino en l\u00ednea sin igual.<\/p>\n\n\n\n<h3 class=\"wp-block-heading\">Seguridad y Protecci\u00f3n<\/h3>\n\n\n\n<p>En SlotStars, tu seguridad es nuestra m\u00e1xima prioridad. Descansa tranquilo, tu informaci\u00f3n personal y de pago est\u00e1 bien protegida con medidas de seguridad s\u00f3lidas como la encriptaci\u00f3n de 128 bits, asegurando que tus transacciones permanezcan seguras y tus detalles nunca se compartan con nadie m\u00e1s. Estamos comprometidos a hacer que tu experiencia sea agradable y libre de estr\u00e9s, por lo que nuestro equipo de soporte al cliente est\u00e1 siempre disponible para asistirte cuando necesites ayuda. El juego justo es un pilar en SlotStars; revisamos regularmente nuestros juegos para garantizar la equidad, proporcionando un ambiente de juego confiable. Adem\u00e1s, unirse y navegar por SlotStars es f\u00e1cil, gracias a nuestro dise\u00f1o de sitio web amigable y est\u00e9ticamente agradable, haciendo que tu experiencia de juego sea tanto simple como disfrutable.<\/p>\n\n\n\n<h3 class=\"wp-block-heading\">Soporte al Cliente<\/h3>\n\n\n\n<p>En SlotStars, entendemos que un excelente soporte al cliente es clave para nuestra reputaci\u00f3n y \u00e9xito. Es por eso que estamos orgullosos de tener un equipo de representantes de servicio al cliente profesionales que son expertos en operaciones de casino. Puedes contactar a nuestro equipo en cualquier momento a trav\u00e9s de nuestro chat en vivo 24\/7 para asistencia inmediata. Adem\u00e1s, tambi\u00e9n estamos disponibles por correo electr\u00f3nico y tel\u00e9fono, asegurando que puedas contactarnos de la manera que te sea m\u00e1s conveniente.<\/p>\n\n\n\n<p>Adem\u00e1s, para obtener respuestas r\u00e1pidas a tus preguntas, puedes consultar nuestra detallada secci\u00f3n de <a href=\"https:\/\/www.slotstars.com\/es-mx\/preguntas-mas-frecuentes\/\">FAQ<\/a> en nuestro sitio web.<\/p>\n","protected":false},"excerpt":{"rendered":"<p>Acerca de nosotros Casino SlotStars \u00a1Bienvenido a SlotStars! Estamos aqu\u00ed para ofrecerte una experiencia de juego en l\u00ednea fant\u00e1stica y divertida. Tenemos muchos juegos de casino diferentes de los mejores creadores de juegos. Te encantar\u00e1n nuestros juegos especiales, bonos y promociones. Adem\u00e1s, siempre estamos aqu\u00ed para ayudarte. Nos importa mucho ofrecer un servicio excelente, asegurarnos [&hellip;]<\/p>\n","protected":false},"author":1,"featured_media":0,"parent":0,"menu_order":0,"comment_status":"closed","ping_status":"closed","template":"content-page.php","meta":{"_acf_changed":false,"footnotes":""},"class_list":["post-159","page","type-page","status-publish","hentry"],"acf":[],"yoast_head":"<!-- This site is optimized with the Yoast SEO plugin v27.3 - https:\/\/yoast.com\/product\/yoast-seo-wordpress\/ -->\n<title>ACERCA DE NOSOTROS | 100% hasta $100 + 50 giros gratis | SlotStars<\/title>\n<meta name=\"robots\" content=\"index, follow, max-snippet:-1, max-image-preview:large, max-video-preview:-1\" \/>\n<link rel=\"canonical\" href=\"https:\/\/www.slotstars.com\/es-mx\/acerca-de-nosotros\/\" \/>\n<meta property=\"og:locale\" content=\"en_US\" \/>\n<meta property=\"og:type\" content=\"article\" \/>\n<meta property=\"og:title\" content=\"ACERCA DE NOSOTROS | 100% hasta $100 + 50 giros gratis | SlotStars\" \/>\n<meta property=\"og:description\" content=\"Acerca de nosotros Casino SlotStars \u00a1Bienvenido a SlotStars! Estamos aqu\u00ed para ofrecerte una experiencia de juego en l\u00ednea fant\u00e1stica y divertida. Tenemos muchos juegos de casino diferentes de los mejores creadores de juegos. Te encantar\u00e1n nuestros juegos especiales, bonos y promociones. Adem\u00e1s, siempre estamos aqu\u00ed para ayudarte. Nos importa mucho ofrecer un servicio excelente, asegurarnos [&hellip;]\" \/>\n<meta property=\"og:url\" content=\"https:\/\/www.slotstars.com\/es-mx\/acerca-de-nosotros\/\" \/>\n<meta property=\"og:site_name\" content=\"Slotstars.com\" \/>\n<meta property=\"article:modified_time\" content=\"2024-07-22T09:49:33+00:00\" \/>\n<meta name=\"twitter:card\" content=\"summary_large_image\" \/>\n<meta name=\"twitter:label1\" content=\"Est. reading time\" \/>\n\t<meta name=\"twitter:data1\" content=\"2 minutes\" \/>\n<script type=\"application\/ld+json\" class=\"yoast-schema-graph\">{\"@context\":\"https:\\\/\\\/schema.org\",\"@graph\":[{\"@type\":\"WebPage\",\"@id\":\"https:\\\/\\\/www.slotstars.com\\\/es-mx\\\/acerca-de-nosotros\\\/\",\"url\":\"https:\\\/\\\/www.slotstars.com\\\/es-mx\\\/acerca-de-nosotros\\\/\",\"name\":\"ACERCA DE NOSOTROS | 100% hasta $100 + 50 giros gratis | SlotStars\",\"isPartOf\":{\"@id\":\"https:\\\/\\\/www.slotstars.com\\\/es-mx\\\/#website\"},\"datePublished\":\"2024-03-25T10:03:30+00:00\",\"dateModified\":\"2024-07-22T09:49:33+00:00\",\"breadcrumb\":{\"@id\":\"https:\\\/\\\/www.slotstars.com\\\/es-mx\\\/acerca-de-nosotros\\\/#breadcrumb\"},\"inLanguage\":\"en-US\",\"potentialAction\":[{\"@type\":\"ReadAction\",\"target\":[\"https:\\\/\\\/www.slotstars.com\\\/es-mx\\\/acerca-de-nosotros\\\/\"]}]},{\"@type\":\"BreadcrumbList\",\"@id\":\"https:\\\/\\\/www.slotstars.com\\\/es-mx\\\/acerca-de-nosotros\\\/#breadcrumb\",\"itemListElement\":[{\"@type\":\"ListItem\",\"position\":1,\"name\":\"Home\",\"item\":\"https:\\\/\\\/www.slotstars.com\\\/es-mx\\\/\"},{\"@type\":\"ListItem\",\"position\":2,\"name\":\"ACERCA DE NOSOTROS\"}]},{\"@type\":\"WebSite\",\"@id\":\"https:\\\/\\\/www.slotstars.com\\\/es-mx\\\/#website\",\"url\":\"https:\\\/\\\/www.slotstars.com\\\/es-mx\\\/\",\"name\":\"Slotstars.com\",\"description\":\"\",\"potentialAction\":[{\"@type\":\"SearchAction\",\"target\":{\"@type\":\"EntryPoint\",\"urlTemplate\":\"https:\\\/\\\/www.slotstars.com\\\/es-mx\\\/?s={search_term_string}\"},\"query-input\":{\"@type\":\"PropertyValueSpecification\",\"valueRequired\":true,\"valueName\":\"search_term_string\"}}],\"inLanguage\":\"en-US\"}]}<\/script>\n<!-- \/ Yoast SEO plugin. -->","yoast_head_json":{"title":"ACERCA DE NOSOTROS | 100% hasta $100 + 50 giros gratis | SlotStars","robots":{"index":"index","follow":"follow","max-snippet":"max-snippet:-1","max-image-preview":"max-image-preview:large","max-video-preview":"max-video-preview:-1"},"canonical":"https:\/\/www.slotstars.com\/es-mx\/acerca-de-nosotros\/","og_locale":"en_US","og_type":"article","og_title":"ACERCA DE NOSOTROS | 100% hasta $100 + 50 giros gratis | SlotStars","og_description":"Acerca de nosotros Casino SlotStars \u00a1Bienvenido a SlotStars! Estamos aqu\u00ed para ofrecerte una experiencia de juego en l\u00ednea fant\u00e1stica y divertida. Tenemos muchos juegos de casino diferentes de los mejores creadores de juegos. Te encantar\u00e1n nuestros juegos especiales, bonos y promociones. Adem\u00e1s, siempre estamos aqu\u00ed para ayudarte. Nos importa mucho ofrecer un servicio excelente, asegurarnos [&hellip;]","og_url":"https:\/\/www.slotstars.com\/es-mx\/acerca-de-nosotros\/","og_site_name":"Slotstars.com","article_modified_time":"2024-07-22T09:49:33+00:00","twitter_card":"summary_large_image","twitter_misc":{"Est. reading time":"2 minutes"},"schema":{"@context":"https:\/\/schema.org","@graph":[{"@type":"WebPage","@id":"https:\/\/www.slotstars.com\/es-mx\/acerca-de-nosotros\/","url":"https:\/\/www.slotstars.com\/es-mx\/acerca-de-nosotros\/","name":"ACERCA DE NOSOTROS | 100% hasta $100 + 50 giros gratis | SlotStars","isPartOf":{"@id":"https:\/\/www.slotstars.com\/es-mx\/#website"},"datePublished":"2024-03-25T10:03:30+00:00","dateModified":"2024-07-22T09:49:33+00:00","breadcrumb":{"@id":"https:\/\/www.slotstars.com\/es-mx\/acerca-de-nosotros\/#breadcrumb"},"inLanguage":"en-US","potentialAction":[{"@type":"ReadAction","target":["https:\/\/www.slotstars.com\/es-mx\/acerca-de-nosotros\/"]}]},{"@type":"BreadcrumbList","@id":"https:\/\/www.slotstars.com\/es-mx\/acerca-de-nosotros\/#breadcrumb","itemListElement":[{"@type":"ListItem","position":1,"name":"Home","item":"https:\/\/www.slotstars.com\/es-mx\/"},{"@type":"ListItem","position":2,"name":"ACERCA DE NOSOTROS"}]},{"@type":"WebSite","@id":"https:\/\/www.slotstars.com\/es-mx\/#website","url":"https:\/\/www.slotstars.com\/es-mx\/","name":"Slotstars.com","description":"","potentialAction":[{"@type":"SearchAction","target":{"@type":"EntryPoint","urlTemplate":"https:\/\/www.slotstars.com\/es-mx\/?s={search_term_string}"},"query-input":{"@type":"PropertyValueSpecification","valueRequired":true,"valueName":"search_term_string"}}],"inLanguage":"en-US"}]}},"_links":{"self":[{"href":"https:\/\/www.slotstars.com\/es-mx\/wp-json\/wp\/v2\/pages\/159","targetHints":{"allow":["GET"]}}],"collection":[{"href":"https:\/\/www.slotstars.com\/es-mx\/wp-json\/wp\/v2\/pages"}],"about":[{"href":"https:\/\/www.slotstars.com\/es-mx\/wp-json\/wp\/v2\/types\/page"}],"author":[{"embeddable":true,"href":"https:\/\/www.slotstars.com\/es-mx\/wp-json\/wp\/v2\/users\/1"}],"replies":[{"embeddable":true,"href":"https:\/\/www.slotstars.com\/es-mx\/wp-json\/wp\/v2\/comments?post=159"}],"version-history":[{"count":11,"href":"https:\/\/www.slotstars.com\/es-mx\/wp-json\/wp\/v2\/pages\/159\/revisions"}],"predecessor-version":[{"id":538,"href":"https:\/\/www.slotstars.com\/es-mx\/wp-json\/wp\/v2\/pages\/159\/revisions\/538"}],"wp:attachment":[{"href":"https:\/\/www.slotstars.com\/es-mx\/wp-json\/wp\/v2\/media?parent=159"}],"curies":[{"name":"wp","href":"https:\/\/api.w.org\/{rel}","templated":true}]}}