{"id":298,"date":"2024-04-02T13:49:12","date_gmt":"2024-04-02T13:49:12","guid":{"rendered":"https:\/\/casinoandfriends.mediacle.net\/?page_id=298"},"modified":"2024-07-22T09:57:35","modified_gmt":"2024-07-22T09:57:35","slug":"selecciones-diarias","status":"publish","type":"page","link":"https:\/\/www.slotstars.com\/es-mx\/selecciones-diarias\/","title":{"rendered":"SELECCIONES DIARIAS"},"content":{"rendered":"\n<h1 class=\"wp-block-heading\">SELECCIONES DIARIAS<\/h1>\n\n\n\n<p>\u00a1Nuevas ofertas todos los d\u00edas!<\/p>\n\n\n\n<p>\u00bfNo est\u00e1s seguro de qu\u00e9 jugar? \u00bfNecesitas algo para empezar? \u00a1Consulta las Selecciones Diarias, hay nuevas ofertas cada d\u00eda de la semana que hemos seleccionado especialmente para ti!<\/p>\n\n<p>Las Selecciones Diarias presentan todo tipo de ofertas para cada jugador. Sabemos que no hay dos jugadores iguales. Todos tenemos diferentes preferencias y deseos. Por eso atendemos todos los gustos para ofrecer a todos una experiencia gratificante.<\/p>\n\n<p>No importa lo que te guste, siempre encontrar\u00e1s algo incre\u00edble esper\u00e1ndote en tus Selecciones Diarias. Cada d\u00eda hay diferentes ofertas y puedes elegir una nueva cada d\u00eda.<\/p>\n\n<p>\u00bfQu\u00e9 te espera hoy? Solo hay una manera de averiguarlo. \u00a1Dir\u00edgete a tus Selecciones Diarias ahora!<\/p>\n\n\n\n<center><a href=\"Javascript:openAuth();void(0);\"><p class=\"has-text-align-center\" style=\"        margin: 0px;\n    margin-top: 7px;\n    display: inline-block;\n    font-family: 'ubuntu-light';\n    padding: 12px 42px;\n    font-weight: 600;\n    letter-spacing: 0.8px;\n    border-radius: 100px;\n    text-transform: uppercase;\n    font-size: 14px;\n    background: #2796FF;\n    border: 1px solid #2796FF;\n    color: #fff;\">\u00bfListo para jugar?<\/p><\/a><\/center>\n","protected":false},"excerpt":{"rendered":"<p>SELECCIONES DIARIAS \u00a1Nuevas ofertas todos los d\u00edas! \u00bfNo est\u00e1s seguro de qu\u00e9 jugar? \u00bfNecesitas algo para empezar? \u00a1Consulta las Selecciones Diarias, hay nuevas ofertas cada d\u00eda de la semana que hemos seleccionado especialmente para ti! Las Selecciones Diarias presentan todo tipo de ofertas para cada jugador. Sabemos que no hay dos jugadores iguales. Todos tenemos [&hellip;]<\/p>\n","protected":false},"author":2,"featured_media":0,"parent":0,"menu_order":0,"comment_status":"closed","ping_status":"closed","template":"content-page.php","meta":{"_acf_changed":false,"footnotes":""},"class_list":["post-298","page","type-page","status-publish","hentry"],"acf":[],"yoast_head":"<!-- This site is optimized with the Yoast SEO plugin v27.3 - https:\/\/yoast.com\/product\/yoast-seo-wordpress\/ -->\n<title>SELECCIONES DIARIAS | 100% hasta $100 + 50 giros gratis | SlotStars<\/title>\n<meta name=\"robots\" content=\"index, follow, max-snippet:-1, max-image-preview:large, max-video-preview:-1\" \/>\n<link rel=\"canonical\" href=\"https:\/\/www.slotstars.com\/es-mx\/selecciones-diarias\/\" \/>\n<meta property=\"og:locale\" content=\"en_US\" \/>\n<meta property=\"og:type\" content=\"article\" \/>\n<meta property=\"og:title\" content=\"SELECCIONES DIARIAS | 100% hasta $100 + 50 giros gratis | SlotStars\" \/>\n<meta property=\"og:description\" content=\"SELECCIONES DIARIAS \u00a1Nuevas ofertas todos los d\u00edas! \u00bfNo est\u00e1s seguro de qu\u00e9 jugar? \u00bfNecesitas algo para empezar? \u00a1Consulta las Selecciones Diarias, hay nuevas ofertas cada d\u00eda de la semana que hemos seleccionado especialmente para ti! Las Selecciones Diarias presentan todo tipo de ofertas para cada jugador. Sabemos que no hay dos jugadores iguales. Todos tenemos [&hellip;]\" \/>\n<meta property=\"og:url\" content=\"https:\/\/www.slotstars.com\/es-mx\/selecciones-diarias\/\" \/>\n<meta property=\"og:site_name\" content=\"Slotstars.com\" \/>\n<meta property=\"article:modified_time\" content=\"2024-07-22T09:57:35+00:00\" \/>\n<meta name=\"twitter:card\" content=\"summary_large_image\" \/>\n<meta name=\"twitter:label1\" content=\"Est. reading time\" \/>\n\t<meta name=\"twitter:data1\" content=\"1 minute\" \/>\n<script type=\"application\/ld+json\" class=\"yoast-schema-graph\">{\"@context\":\"https:\\\/\\\/schema.org\",\"@graph\":[{\"@type\":\"WebPage\",\"@id\":\"https:\\\/\\\/www.slotstars.com\\\/es-mx\\\/selecciones-diarias\\\/\",\"url\":\"https:\\\/\\\/www.slotstars.com\\\/es-mx\\\/selecciones-diarias\\\/\",\"name\":\"SELECCIONES DIARIAS | 100% hasta $100 + 50 giros gratis | SlotStars\",\"isPartOf\":{\"@id\":\"https:\\\/\\\/www.slotstars.com\\\/es-mx\\\/#website\"},\"datePublished\":\"2024-04-02T13:49:12+00:00\",\"dateModified\":\"2024-07-22T09:57:35+00:00\",\"breadcrumb\":{\"@id\":\"https:\\\/\\\/www.slotstars.com\\\/es-mx\\\/selecciones-diarias\\\/#breadcrumb\"},\"inLanguage\":\"en-US\",\"potentialAction\":[{\"@type\":\"ReadAction\",\"target\":[\"https:\\\/\\\/www.slotstars.com\\\/es-mx\\\/selecciones-diarias\\\/\"]}]},{\"@type\":\"BreadcrumbList\",\"@id\":\"https:\\\/\\\/www.slotstars.com\\\/es-mx\\\/selecciones-diarias\\\/#breadcrumb\",\"itemListElement\":[{\"@type\":\"ListItem\",\"position\":1,\"name\":\"Home\",\"item\":\"https:\\\/\\\/www.slotstars.com\\\/es-mx\\\/\"},{\"@type\":\"ListItem\",\"position\":2,\"name\":\"SELECCIONES DIARIAS\"}]},{\"@type\":\"WebSite\",\"@id\":\"https:\\\/\\\/www.slotstars.com\\\/es-mx\\\/#website\",\"url\":\"https:\\\/\\\/www.slotstars.com\\\/es-mx\\\/\",\"name\":\"Slotstars.com\",\"description\":\"\",\"potentialAction\":[{\"@type\":\"SearchAction\",\"target\":{\"@type\":\"EntryPoint\",\"urlTemplate\":\"https:\\\/\\\/www.slotstars.com\\\/es-mx\\\/?s={search_term_string}\"},\"query-input\":{\"@type\":\"PropertyValueSpecification\",\"valueRequired\":true,\"valueName\":\"search_term_string\"}}],\"inLanguage\":\"en-US\"}]}<\/script>\n<!-- \/ Yoast SEO plugin. -->","yoast_head_json":{"title":"SELECCIONES DIARIAS | 100% hasta $100 + 50 giros gratis | SlotStars","robots":{"index":"index","follow":"follow","max-snippet":"max-snippet:-1","max-image-preview":"max-image-preview:large","max-video-preview":"max-video-preview:-1"},"canonical":"https:\/\/www.slotstars.com\/es-mx\/selecciones-diarias\/","og_locale":"en_US","og_type":"article","og_title":"SELECCIONES DIARIAS | 100% hasta $100 + 50 giros gratis | SlotStars","og_description":"SELECCIONES DIARIAS \u00a1Nuevas ofertas todos los d\u00edas! \u00bfNo est\u00e1s seguro de qu\u00e9 jugar? \u00bfNecesitas algo para empezar? \u00a1Consulta las Selecciones Diarias, hay nuevas ofertas cada d\u00eda de la semana que hemos seleccionado especialmente para ti! Las Selecciones Diarias presentan todo tipo de ofertas para cada jugador. Sabemos que no hay dos jugadores iguales. Todos tenemos [&hellip;]","og_url":"https:\/\/www.slotstars.com\/es-mx\/selecciones-diarias\/","og_site_name":"Slotstars.com","article_modified_time":"2024-07-22T09:57:35+00:00","twitter_card":"summary_large_image","twitter_misc":{"Est. reading time":"1 minute"},"schema":{"@context":"https:\/\/schema.org","@graph":[{"@type":"WebPage","@id":"https:\/\/www.slotstars.com\/es-mx\/selecciones-diarias\/","url":"https:\/\/www.slotstars.com\/es-mx\/selecciones-diarias\/","name":"SELECCIONES DIARIAS | 100% hasta $100 + 50 giros gratis | SlotStars","isPartOf":{"@id":"https:\/\/www.slotstars.com\/es-mx\/#website"},"datePublished":"2024-04-02T13:49:12+00:00","dateModified":"2024-07-22T09:57:35+00:00","breadcrumb":{"@id":"https:\/\/www.slotstars.com\/es-mx\/selecciones-diarias\/#breadcrumb"},"inLanguage":"en-US","potentialAction":[{"@type":"ReadAction","target":["https:\/\/www.slotstars.com\/es-mx\/selecciones-diarias\/"]}]},{"@type":"BreadcrumbList","@id":"https:\/\/www.slotstars.com\/es-mx\/selecciones-diarias\/#breadcrumb","itemListElement":[{"@type":"ListItem","position":1,"name":"Home","item":"https:\/\/www.slotstars.com\/es-mx\/"},{"@type":"ListItem","position":2,"name":"SELECCIONES DIARIAS"}]},{"@type":"WebSite","@id":"https:\/\/www.slotstars.com\/es-mx\/#website","url":"https:\/\/www.slotstars.com\/es-mx\/","name":"Slotstars.com","description":"","potentialAction":[{"@type":"SearchAction","target":{"@type":"EntryPoint","urlTemplate":"https:\/\/www.slotstars.com\/es-mx\/?s={search_term_string}"},"query-input":{"@type":"PropertyValueSpecification","valueRequired":true,"valueName":"search_term_string"}}],"inLanguage":"en-US"}]}},"_links":{"self":[{"href":"https:\/\/www.slotstars.com\/es-mx\/wp-json\/wp\/v2\/pages\/298","targetHints":{"allow":["GET"]}}],"collection":[{"href":"https:\/\/www.slotstars.com\/es-mx\/wp-json\/wp\/v2\/pages"}],"about":[{"href":"https:\/\/www.slotstars.com\/es-mx\/wp-json\/wp\/v2\/types\/page"}],"author":[{"embeddable":true,"href":"https:\/\/www.slotstars.com\/es-mx\/wp-json\/wp\/v2\/users\/2"}],"replies":[{"embeddable":true,"href":"https:\/\/www.slotstars.com\/es-mx\/wp-json\/wp\/v2\/comments?post=298"}],"version-history":[{"count":6,"href":"https:\/\/www.slotstars.com\/es-mx\/wp-json\/wp\/v2\/pages\/298\/revisions"}],"predecessor-version":[{"id":570,"href":"https:\/\/www.slotstars.com\/es-mx\/wp-json\/wp\/v2\/pages\/298\/revisions\/570"}],"wp:attachment":[{"href":"https:\/\/www.slotstars.com\/es-mx\/wp-json\/wp\/v2\/media?parent=298"}],"curies":[{"name":"wp","href":"https:\/\/api.w.org\/{rel}","templated":true}]}}