{"id":159,"date":"2024-03-25T10:03:30","date_gmt":"2024-03-25T10:03:30","guid":{"rendered":"https:\/\/www.slotstars.com\/no\/?page_id=159"},"modified":"2024-07-22T07:31:03","modified_gmt":"2024-07-22T07:31:03","slug":"om-oss","status":"publish","type":"page","link":"https:\/\/www.slotstars.com\/no\/om-oss\/","title":{"rendered":"OM OSS"},"content":{"rendered":"\n<h2 style=\"text-transform:uppercase;\" class=\"wp-block-heading\">Om oss<\/h2>\n\n\n\n<h2 class=\"wp-block-heading\">SlotStars Casino<\/h2>\n\n\n\n<p>Velkommen til SlotStars! Vi vil gi deg en fantastisk og morsom spillopplevelse p\u00e5 nett.<\/p>\n\n\n\n<p>Vi tilbyr en rekke forskjellige casinospill fra de beste spillprodusentene. Du vil elske v\u00e5re spesialspill, bonuser og kampanjer. Dessuten er vi alltid her for \u00e5 hjelpe deg. Vi bryr oss virkelig om \u00e5 gi god service, s\u00f8rge for at spillene v\u00e5re er av topp kvalitet og holde spillet ditt trygt. Hos SlotStars \u00f8nsker vi \u00e5 s\u00f8rge for at du har det g\u00f8y og trygt, akkurat som p\u00e5 det beste nettcasinoet. Er du klar for litt moro? Kom og spill med oss p\u00e5 SlotStars!<\/p>\n\n\n\n<h2 class=\"wp-block-heading\">Spillutvalg<\/h2>\n\n\n\n<p>Hos SlotStars finner du mer enn 3000 casinospill p\u00e5 nett. Du kan finne alle typer spill, fra tradisjonelle spilleautomater til nye videoslots, som passer for alle spillere, og samlingen v\u00e5r inkluderer popul\u00e6re bordspill som blackjack og rulett. For de som \u00f8nsker en moderne vri, tilbyr SlotStars en rekke spilleautomater med tema, hver med unik grafikk, lydspor og spennende bonusfunksjoner. SlotStars har spill fra ledende utviklere i bransjen, og s\u00f8rger for et h\u00f8ykvalitets, rettferdig og kontinuerlig oppdatert spillutvalg for en enest\u00e5ende nettcasinoopplevelse.<\/p>\n\n\n\n<h2 class=\"wp-block-heading\">Trygghet og sikkerhet<\/h2>\n\n\n\n<p>Hos SlotStars er din sikkerhet v\u00e5r h\u00f8yeste prioritet. Du kan v\u00e6re trygg p\u00e5 at din personlige informasjon og betalingsinformasjon er godt beskyttet med sterke sikkerhetstiltak som 128-biters kryptering, noe som sikrer at transaksjonene dine forblir trygge og at opplysningene dine aldri deles med noen andre. Vi er opptatt av \u00e5 gj\u00f8re opplevelsen din hyggelig og stressfri, og derfor er v\u00e5rt kundest\u00f8tteteam alltid tilgjengelig for \u00e5 hjelpe deg n\u00e5r du trenger hjelp. Rettferdig spill er en hj\u00f8rnestein hos SlotStars, og vi sjekker jevnlig spillene v\u00e5re for \u00e5 garantere rettferdighet, noe som gir et troverdig spillmilj\u00f8. Dessuten er det enkelt \u00e5 bli medlem og navigere p\u00e5 SlotStars, takket v\u00e6re v\u00e5rt brukervennlige og estetisk tiltalende nettsteddesign, noe som gj\u00f8r spillopplevelsen din b\u00e5de enkel og hyggelig.<\/p>\n\n\n\n<h2 class=\"wp-block-heading\">Kundesupport<\/h2>\n\n\n\n<p>Vi hos SlotStars forst\u00e5r at utmerket kundest\u00f8tte er n\u00f8kkelen til v\u00e5rt omd\u00f8mme og v\u00e5r suksess. Derfor er vi stolte av \u00e5 ha et team av profesjonelle kundeservicerepresentanter som er eksperter p\u00e5 kasinodrift. Du kan n\u00e5 teamet v\u00e5rt n\u00e5r som helst via v\u00e5r 24\/7 live chat for \u00f8yeblikkelig hjelp. I tillegg er vi ogs\u00e5 tilgjengelige via e-post og telefon, slik at du kan kontakte oss p\u00e5 den m\u00e5ten som er mest praktisk for deg.<\/p>\n\n\n\n<p>I tilegg kan du lese den detaljerte <a href=\"https:\/\/www.slotstars.com\/no\/faq\/\">FAQ-delen<\/a> p\u00e5 nettsiden v\u00e5r for \u00e5 f\u00e5 raske svar p\u00e5 sp\u00f8rsm\u00e5lene dine.<\/p>\n","protected":false},"excerpt":{"rendered":"<p>Om oss SlotStars Casino Velkommen til SlotStars! Vi vil gi deg en fantastisk og morsom spillopplevelse p\u00e5 nett. Vi tilbyr en rekke forskjellige casinospill fra de beste spillprodusentene. Du vil elske v\u00e5re spesialspill, bonuser og kampanjer. Dessuten er vi alltid her for \u00e5 hjelpe deg. Vi bryr oss virkelig om \u00e5 gi god service, s\u00f8rge [&hellip;]<\/p>\n","protected":false},"author":1,"featured_media":0,"parent":0,"menu_order":0,"comment_status":"closed","ping_status":"closed","template":"content-page.php","meta":{"_acf_changed":false,"footnotes":""},"class_list":["post-159","page","type-page","status-publish","hentry"],"acf":[],"yoast_head":"<!-- This site is optimized with the Yoast SEO plugin v27.3 - https:\/\/yoast.com\/product\/yoast-seo-wordpress\/ -->\n<title>OM OSS | 100% opp til 1 000kr + 50 gratisspinn | SlotStars<\/title>\n<meta name=\"robots\" content=\"index, follow, max-snippet:-1, max-image-preview:large, max-video-preview:-1\" \/>\n<link rel=\"canonical\" href=\"https:\/\/www.slotstars.com\/no\/om-oss\/\" \/>\n<meta property=\"og:locale\" content=\"en_US\" \/>\n<meta property=\"og:type\" content=\"article\" \/>\n<meta property=\"og:title\" content=\"OM OSS | 100% opp til 1 000kr + 50 gratisspinn | SlotStars\" \/>\n<meta property=\"og:description\" content=\"Om oss SlotStars Casino Velkommen til SlotStars! Vi vil gi deg en fantastisk og morsom spillopplevelse p\u00e5 nett. Vi tilbyr en rekke forskjellige casinospill fra de beste spillprodusentene. Du vil elske v\u00e5re spesialspill, bonuser og kampanjer. Dessuten er vi alltid her for \u00e5 hjelpe deg. Vi bryr oss virkelig om \u00e5 gi god service, s\u00f8rge [&hellip;]\" \/>\n<meta property=\"og:url\" content=\"https:\/\/www.slotstars.com\/no\/om-oss\/\" \/>\n<meta property=\"og:site_name\" content=\"Slotstars.com\" \/>\n<meta property=\"article:modified_time\" content=\"2024-07-22T07:31:03+00:00\" \/>\n<meta name=\"twitter:card\" content=\"summary_large_image\" \/>\n<meta name=\"twitter:label1\" content=\"Est. reading time\" \/>\n\t<meta name=\"twitter:data1\" content=\"2 minutes\" \/>\n<script type=\"application\/ld+json\" class=\"yoast-schema-graph\">{\"@context\":\"https:\\\/\\\/schema.org\",\"@graph\":[{\"@type\":\"WebPage\",\"@id\":\"https:\\\/\\\/www.slotstars.com\\\/no\\\/om-oss\\\/\",\"url\":\"https:\\\/\\\/www.slotstars.com\\\/no\\\/om-oss\\\/\",\"name\":\"OM OSS | 100% opp til 1 000kr + 50 gratisspinn | SlotStars\",\"isPartOf\":{\"@id\":\"https:\\\/\\\/www.slotstars.com\\\/no\\\/#website\"},\"datePublished\":\"2024-03-25T10:03:30+00:00\",\"dateModified\":\"2024-07-22T07:31:03+00:00\",\"breadcrumb\":{\"@id\":\"https:\\\/\\\/www.slotstars.com\\\/no\\\/om-oss\\\/#breadcrumb\"},\"inLanguage\":\"en-US\",\"potentialAction\":[{\"@type\":\"ReadAction\",\"target\":[\"https:\\\/\\\/www.slotstars.com\\\/no\\\/om-oss\\\/\"]}]},{\"@type\":\"BreadcrumbList\",\"@id\":\"https:\\\/\\\/www.slotstars.com\\\/no\\\/om-oss\\\/#breadcrumb\",\"itemListElement\":[{\"@type\":\"ListItem\",\"position\":1,\"name\":\"Home\",\"item\":\"https:\\\/\\\/www.slotstars.com\\\/no\\\/\"},{\"@type\":\"ListItem\",\"position\":2,\"name\":\"OM OSS\"}]},{\"@type\":\"WebSite\",\"@id\":\"https:\\\/\\\/www.slotstars.com\\\/no\\\/#website\",\"url\":\"https:\\\/\\\/www.slotstars.com\\\/no\\\/\",\"name\":\"Slotstars.com\",\"description\":\"\",\"potentialAction\":[{\"@type\":\"SearchAction\",\"target\":{\"@type\":\"EntryPoint\",\"urlTemplate\":\"https:\\\/\\\/www.slotstars.com\\\/no\\\/?s={search_term_string}\"},\"query-input\":{\"@type\":\"PropertyValueSpecification\",\"valueRequired\":true,\"valueName\":\"search_term_string\"}}],\"inLanguage\":\"en-US\"}]}<\/script>\n<!-- \/ Yoast SEO plugin. -->","yoast_head_json":{"title":"OM OSS | 100% opp til 1 000kr + 50 gratisspinn | SlotStars","robots":{"index":"index","follow":"follow","max-snippet":"max-snippet:-1","max-image-preview":"max-image-preview:large","max-video-preview":"max-video-preview:-1"},"canonical":"https:\/\/www.slotstars.com\/no\/om-oss\/","og_locale":"en_US","og_type":"article","og_title":"OM OSS | 100% opp til 1 000kr + 50 gratisspinn | SlotStars","og_description":"Om oss SlotStars Casino Velkommen til SlotStars! Vi vil gi deg en fantastisk og morsom spillopplevelse p\u00e5 nett. Vi tilbyr en rekke forskjellige casinospill fra de beste spillprodusentene. Du vil elske v\u00e5re spesialspill, bonuser og kampanjer. Dessuten er vi alltid her for \u00e5 hjelpe deg. Vi bryr oss virkelig om \u00e5 gi god service, s\u00f8rge [&hellip;]","og_url":"https:\/\/www.slotstars.com\/no\/om-oss\/","og_site_name":"Slotstars.com","article_modified_time":"2024-07-22T07:31:03+00:00","twitter_card":"summary_large_image","twitter_misc":{"Est. reading time":"2 minutes"},"schema":{"@context":"https:\/\/schema.org","@graph":[{"@type":"WebPage","@id":"https:\/\/www.slotstars.com\/no\/om-oss\/","url":"https:\/\/www.slotstars.com\/no\/om-oss\/","name":"OM OSS | 100% opp til 1 000kr + 50 gratisspinn | SlotStars","isPartOf":{"@id":"https:\/\/www.slotstars.com\/no\/#website"},"datePublished":"2024-03-25T10:03:30+00:00","dateModified":"2024-07-22T07:31:03+00:00","breadcrumb":{"@id":"https:\/\/www.slotstars.com\/no\/om-oss\/#breadcrumb"},"inLanguage":"en-US","potentialAction":[{"@type":"ReadAction","target":["https:\/\/www.slotstars.com\/no\/om-oss\/"]}]},{"@type":"BreadcrumbList","@id":"https:\/\/www.slotstars.com\/no\/om-oss\/#breadcrumb","itemListElement":[{"@type":"ListItem","position":1,"name":"Home","item":"https:\/\/www.slotstars.com\/no\/"},{"@type":"ListItem","position":2,"name":"OM OSS"}]},{"@type":"WebSite","@id":"https:\/\/www.slotstars.com\/no\/#website","url":"https:\/\/www.slotstars.com\/no\/","name":"Slotstars.com","description":"","potentialAction":[{"@type":"SearchAction","target":{"@type":"EntryPoint","urlTemplate":"https:\/\/www.slotstars.com\/no\/?s={search_term_string}"},"query-input":{"@type":"PropertyValueSpecification","valueRequired":true,"valueName":"search_term_string"}}],"inLanguage":"en-US"}]}},"_links":{"self":[{"href":"https:\/\/www.slotstars.com\/no\/wp-json\/wp\/v2\/pages\/159","targetHints":{"allow":["GET"]}}],"collection":[{"href":"https:\/\/www.slotstars.com\/no\/wp-json\/wp\/v2\/pages"}],"about":[{"href":"https:\/\/www.slotstars.com\/no\/wp-json\/wp\/v2\/types\/page"}],"author":[{"embeddable":true,"href":"https:\/\/www.slotstars.com\/no\/wp-json\/wp\/v2\/users\/1"}],"replies":[{"embeddable":true,"href":"https:\/\/www.slotstars.com\/no\/wp-json\/wp\/v2\/comments?post=159"}],"version-history":[{"count":11,"href":"https:\/\/www.slotstars.com\/no\/wp-json\/wp\/v2\/pages\/159\/revisions"}],"predecessor-version":[{"id":663,"href":"https:\/\/www.slotstars.com\/no\/wp-json\/wp\/v2\/pages\/159\/revisions\/663"}],"wp:attachment":[{"href":"https:\/\/www.slotstars.com\/no\/wp-json\/wp\/v2\/media?parent=159"}],"curies":[{"name":"wp","href":"https:\/\/api.w.org\/{rel}","templated":true}]}}