{"id":298,"date":"2024-04-02T13:49:12","date_gmt":"2024-04-02T13:49:12","guid":{"rendered":"https:\/\/casinoandfriends.mediacle.net\/?page_id=298"},"modified":"2024-07-22T07:25:19","modified_gmt":"2024-07-22T07:25:19","slug":"daglige-valg","status":"publish","type":"page","link":"https:\/\/www.slotstars.com\/no\/daglige-valg\/","title":{"rendered":"DAGLIGE VALG"},"content":{"rendered":"\n<h1 style=\"text-transform:uppercase;\" class=\"wp-block-heading\">Daglige valg<\/h1>\n\n\n\n<p>Nye tilbud hver dag!<\/p>\n\n\n\n<p><p>Er du ikke helt sikker p\u00e5 hva du skal spille? Trenger du noe for \u00e5 komme i gang? Ta en titt p\u00e5 Daily Picks, det er nye tilbud hver dag i uken som vi har h\u00e5ndplukket bare for deg!<\/p>\n\n<p>Daily Picks har alle slags tilbud for alle spillere. Vi vet at ingen spillere er like. Vi har alle forskjellige preferanser og \u00f8nsker. Derfor tar vi hensyn til enhver smak for \u00e5 tilby alle en tilfredsstillende opplevelse.<\/p>\n\n<p>Samme hva du liker, vil du alltid finne noe fantastisk som venter p\u00e5 deg i dine Daily Picks. Hver dag er det forskjellige tilbud, og du kan velge et nytt hver dag!<\/p>\n\n<p>S\u00e5 hva har du i vente i dag? Det er bare \u00e9n m\u00e5te \u00e5 finne det ut p\u00e5. G\u00e5 til dine Daily Picks n\u00e5!<\/p><\/p>\n\n\n\n<center><a href=\"Javascript:openAuth();void(0);\"><p class=\"has-text-align-center\" style=\"        margin: 0px;\n    margin-top: 7px;\n    display: inline-block;\n    font-family: 'ubuntu-light';\n    padding: 12px 42px;\n    font-weight: 600;\n    letter-spacing: 0.8px;\n    border-radius: 100px;\n    text-transform: uppercase;\n    font-size: 14px;\n    background: #2796FF;\n    border: 1px solid #2796FF;\n    color: #fff;\">Er du klar til \u00e5 spille?<\/p><\/a><\/center>\n","protected":false},"excerpt":{"rendered":"<p>Daglige valg Nye tilbud hver dag! Er du ikke helt sikker p\u00e5 hva du skal spille? Trenger du noe for \u00e5 komme i gang? Ta en titt p\u00e5 Daily Picks, det er nye tilbud hver dag i uken som vi har h\u00e5ndplukket bare for deg! Daily Picks har alle slags tilbud for alle spillere. Vi [&hellip;]<\/p>\n","protected":false},"author":2,"featured_media":0,"parent":0,"menu_order":0,"comment_status":"closed","ping_status":"closed","template":"content-page.php","meta":{"_acf_changed":false,"footnotes":""},"class_list":["post-298","page","type-page","status-publish","hentry"],"acf":[],"yoast_head":"<!-- This site is optimized with the Yoast SEO plugin v27.3 - https:\/\/yoast.com\/product\/yoast-seo-wordpress\/ -->\n<title>DAGLIGE VALG | 100% opp til 1 000kr + 50 gratisspinn | SlotStars<\/title>\n<meta name=\"robots\" content=\"index, follow, max-snippet:-1, max-image-preview:large, max-video-preview:-1\" \/>\n<link rel=\"canonical\" href=\"https:\/\/www.slotstars.com\/no\/daglige-valg\/\" \/>\n<meta property=\"og:locale\" content=\"en_US\" \/>\n<meta property=\"og:type\" content=\"article\" \/>\n<meta property=\"og:title\" content=\"DAGLIGE VALG | 100% opp til 1 000kr + 50 gratisspinn | SlotStars\" \/>\n<meta property=\"og:description\" content=\"Daglige valg Nye tilbud hver dag! Er du ikke helt sikker p\u00e5 hva du skal spille? Trenger du noe for \u00e5 komme i gang? Ta en titt p\u00e5 Daily Picks, det er nye tilbud hver dag i uken som vi har h\u00e5ndplukket bare for deg! Daily Picks har alle slags tilbud for alle spillere. Vi [&hellip;]\" \/>\n<meta property=\"og:url\" content=\"https:\/\/www.slotstars.com\/no\/daglige-valg\/\" \/>\n<meta property=\"og:site_name\" content=\"Slotstars.com\" \/>\n<meta property=\"article:modified_time\" content=\"2024-07-22T07:25:19+00:00\" \/>\n<meta name=\"twitter:card\" content=\"summary_large_image\" \/>\n<meta name=\"twitter:label1\" content=\"Est. reading time\" \/>\n\t<meta name=\"twitter:data1\" content=\"1 minute\" \/>\n<script type=\"application\/ld+json\" class=\"yoast-schema-graph\">{\"@context\":\"https:\\\/\\\/schema.org\",\"@graph\":[{\"@type\":\"WebPage\",\"@id\":\"https:\\\/\\\/www.slotstars.com\\\/no\\\/daglige-valg\\\/\",\"url\":\"https:\\\/\\\/www.slotstars.com\\\/no\\\/daglige-valg\\\/\",\"name\":\"DAGLIGE VALG | 100% opp til 1 000kr + 50 gratisspinn | SlotStars\",\"isPartOf\":{\"@id\":\"https:\\\/\\\/www.slotstars.com\\\/no\\\/#website\"},\"datePublished\":\"2024-04-02T13:49:12+00:00\",\"dateModified\":\"2024-07-22T07:25:19+00:00\",\"breadcrumb\":{\"@id\":\"https:\\\/\\\/www.slotstars.com\\\/no\\\/daglige-valg\\\/#breadcrumb\"},\"inLanguage\":\"en-US\",\"potentialAction\":[{\"@type\":\"ReadAction\",\"target\":[\"https:\\\/\\\/www.slotstars.com\\\/no\\\/daglige-valg\\\/\"]}]},{\"@type\":\"BreadcrumbList\",\"@id\":\"https:\\\/\\\/www.slotstars.com\\\/no\\\/daglige-valg\\\/#breadcrumb\",\"itemListElement\":[{\"@type\":\"ListItem\",\"position\":1,\"name\":\"Home\",\"item\":\"https:\\\/\\\/www.slotstars.com\\\/no\\\/\"},{\"@type\":\"ListItem\",\"position\":2,\"name\":\"DAGLIGE VALG\"}]},{\"@type\":\"WebSite\",\"@id\":\"https:\\\/\\\/www.slotstars.com\\\/no\\\/#website\",\"url\":\"https:\\\/\\\/www.slotstars.com\\\/no\\\/\",\"name\":\"Slotstars.com\",\"description\":\"\",\"potentialAction\":[{\"@type\":\"SearchAction\",\"target\":{\"@type\":\"EntryPoint\",\"urlTemplate\":\"https:\\\/\\\/www.slotstars.com\\\/no\\\/?s={search_term_string}\"},\"query-input\":{\"@type\":\"PropertyValueSpecification\",\"valueRequired\":true,\"valueName\":\"search_term_string\"}}],\"inLanguage\":\"en-US\"}]}<\/script>\n<!-- \/ Yoast SEO plugin. -->","yoast_head_json":{"title":"DAGLIGE VALG | 100% opp til 1 000kr + 50 gratisspinn | SlotStars","robots":{"index":"index","follow":"follow","max-snippet":"max-snippet:-1","max-image-preview":"max-image-preview:large","max-video-preview":"max-video-preview:-1"},"canonical":"https:\/\/www.slotstars.com\/no\/daglige-valg\/","og_locale":"en_US","og_type":"article","og_title":"DAGLIGE VALG | 100% opp til 1 000kr + 50 gratisspinn | SlotStars","og_description":"Daglige valg Nye tilbud hver dag! Er du ikke helt sikker p\u00e5 hva du skal spille? Trenger du noe for \u00e5 komme i gang? Ta en titt p\u00e5 Daily Picks, det er nye tilbud hver dag i uken som vi har h\u00e5ndplukket bare for deg! Daily Picks har alle slags tilbud for alle spillere. Vi [&hellip;]","og_url":"https:\/\/www.slotstars.com\/no\/daglige-valg\/","og_site_name":"Slotstars.com","article_modified_time":"2024-07-22T07:25:19+00:00","twitter_card":"summary_large_image","twitter_misc":{"Est. reading time":"1 minute"},"schema":{"@context":"https:\/\/schema.org","@graph":[{"@type":"WebPage","@id":"https:\/\/www.slotstars.com\/no\/daglige-valg\/","url":"https:\/\/www.slotstars.com\/no\/daglige-valg\/","name":"DAGLIGE VALG | 100% opp til 1 000kr + 50 gratisspinn | SlotStars","isPartOf":{"@id":"https:\/\/www.slotstars.com\/no\/#website"},"datePublished":"2024-04-02T13:49:12+00:00","dateModified":"2024-07-22T07:25:19+00:00","breadcrumb":{"@id":"https:\/\/www.slotstars.com\/no\/daglige-valg\/#breadcrumb"},"inLanguage":"en-US","potentialAction":[{"@type":"ReadAction","target":["https:\/\/www.slotstars.com\/no\/daglige-valg\/"]}]},{"@type":"BreadcrumbList","@id":"https:\/\/www.slotstars.com\/no\/daglige-valg\/#breadcrumb","itemListElement":[{"@type":"ListItem","position":1,"name":"Home","item":"https:\/\/www.slotstars.com\/no\/"},{"@type":"ListItem","position":2,"name":"DAGLIGE VALG"}]},{"@type":"WebSite","@id":"https:\/\/www.slotstars.com\/no\/#website","url":"https:\/\/www.slotstars.com\/no\/","name":"Slotstars.com","description":"","potentialAction":[{"@type":"SearchAction","target":{"@type":"EntryPoint","urlTemplate":"https:\/\/www.slotstars.com\/no\/?s={search_term_string}"},"query-input":{"@type":"PropertyValueSpecification","valueRequired":true,"valueName":"search_term_string"}}],"inLanguage":"en-US"}]}},"_links":{"self":[{"href":"https:\/\/www.slotstars.com\/no\/wp-json\/wp\/v2\/pages\/298","targetHints":{"allow":["GET"]}}],"collection":[{"href":"https:\/\/www.slotstars.com\/no\/wp-json\/wp\/v2\/pages"}],"about":[{"href":"https:\/\/www.slotstars.com\/no\/wp-json\/wp\/v2\/types\/page"}],"author":[{"embeddable":true,"href":"https:\/\/www.slotstars.com\/no\/wp-json\/wp\/v2\/users\/2"}],"replies":[{"embeddable":true,"href":"https:\/\/www.slotstars.com\/no\/wp-json\/wp\/v2\/comments?post=298"}],"version-history":[{"count":7,"href":"https:\/\/www.slotstars.com\/no\/wp-json\/wp\/v2\/pages\/298\/revisions"}],"predecessor-version":[{"id":651,"href":"https:\/\/www.slotstars.com\/no\/wp-json\/wp\/v2\/pages\/298\/revisions\/651"}],"wp:attachment":[{"href":"https:\/\/www.slotstars.com\/no\/wp-json\/wp\/v2\/media?parent=298"}],"curies":[{"name":"wp","href":"https:\/\/api.w.org\/{rel}","templated":true}]}}