{"id":159,"date":"2024-03-25T10:03:30","date_gmt":"2024-03-25T10:03:30","guid":{"rendered":"https:\/\/www.slotstars.com\/se\/?page_id=159"},"modified":"2024-07-24T06:17:41","modified_gmt":"2024-07-24T06:17:41","slug":"om-oss","status":"publish","type":"page","link":"https:\/\/www.slotstars.com\/se\/om-oss\/","title":{"rendered":"OM OSS"},"content":{"rendered":"\n<h1 class=\"wp-block-heading\">OM OSS<\/h1>\n\n\n\n<h1 class=\"wp-block-heading\" style=\"color: #2796FF;\">SlotStars Casino<\/h1>\n\n\n\n<p>V\u00e4lkommen till SlotStars! Hos oss vill vi ge dig en fantastisk och rolig spelupplevelse online.<\/p>\n\n\n\n<p>Vi erbjuder en m\u00e4ngd olika kasinospel fr\u00e5n de b\u00e4sta speltillverkarna. Du kommer gilla v\u00e5ra specialspel och funktioner. Vi \u00e4r dessutom alltid h\u00e4r f\u00f6r att hj\u00e4lpa dig. Vi bryr oss verkligen om att ge bra service, se till att v\u00e5ra spel \u00e4r av h\u00f6gsta kvalitet och h\u00e5lla ditt spelande s\u00e4kert. P\u00e5 SlotStars vill vi se till att du har en rolig och s\u00e4ker tid, precis som p\u00e5 det b\u00e4sta onlinekasinot. \u00c4r du redo f\u00f6r lite skoj? Kom och spela med oss p\u00e5 SlotStars!<\/p>\n\n\n\n<h3 class=\"wp-block-heading\" style=\"color: #2796FF;\">Spelutbud<\/h3>\n\n\n\n<p>P\u00e5 SlotStars hittar du mer \u00e4n 3000 casinospel online. Du hittar alla typer av spel, fr\u00e5n traditionella slots till nya videoslots, f\u00f6r att passa alla spelare, och v\u00e5r samling inkluderar popul\u00e4ra bordsspel som blackjack och roulette. F\u00f6r dem som s\u00f6ker en modern twist erbjuder SlotStars en rad temaslots, var och en med unik grafik, ljudsp\u00e5r och sp\u00e4nnande funktioner. SlotStars har spel fr\u00e5n ledande utvecklare i branschen, vilket s\u00e4kerst\u00e4ller ett h\u00f6gkvalitativt, r\u00e4ttvist och st\u00e4ndigt uppdaterat spelutbud f\u00f6r en o\u00f6vertr\u00e4ffad onlinekasinoupplevelse.<\/p>\n\n\n\n<h3 class=\"wp-block-heading\" style=\"color: #2796FF;\">Trygghet och s\u00e4kerhet<\/h3>\n\n\n\n<p>P\u00e5 SlotStars \u00e4r din s\u00e4kerhet v\u00e5r h\u00f6gsta prioritet. Du kan lita p\u00e5 att din person- och betalningsinformation \u00e4r v\u00e4l skyddad med starka s\u00e4kerhets\u00e5tg\u00e4rder som 128-bitars kryptering, vilket s\u00e4kerst\u00e4ller att dina transaktioner f\u00f6rblir s\u00e4kra och att dina uppgifter aldrig delas med n\u00e5gon annan. Vi \u00e4r fast beslutna att g\u00f6ra din upplevelse trevlig och stressfri, vilket \u00e4r anledningen till att v\u00e5rt kundsupportteam alltid finns till hands f\u00f6r att hj\u00e4lpa dig n\u00e4r du beh\u00f6ver hj\u00e4lp. R\u00e4ttvist spelande \u00e4r en h\u00f6rnsten p\u00e5 SlotStars och vi kontrollerar regelbundet v\u00e5ra spel f\u00f6r att garantera r\u00e4ttvisa, vilket ger en p\u00e5litlig spelmilj\u00f6. Dessutom \u00e4r det l\u00e4tt att g\u00e5 med och navigera p\u00e5 SlotStars tack vare v\u00e5r anv\u00e4ndarv\u00e4nliga och estetiskt tilltalande webbplatsdesign, vilket g\u00f6r din spelupplevelse b\u00e5de enkel och trevlig.<\/p>\n\n\n\n<h3 class=\"wp-block-heading\" style=\"color: #2796FF;\">Kundtj\u00e4nst och support<\/h3>\n\n\n\n<p>Vi p\u00e5 SlotStars f\u00f6rst\u00e5r att en utm\u00e4rkt kundsupport \u00e4r nyckeln till v\u00e5rt rykte och v\u00e5r framg\u00e5ng. Det \u00e4r d\u00e4rf\u00f6r vi \u00e4r stolta \u00f6ver att ha ett team av professionella kundtj\u00e4nstmedarbetare som \u00e4r experter p\u00e5 kasinoverksamhet. Du kan n\u00e5 v\u00e5rt team n\u00e4r som helst via v\u00e5r 24\/7 livechatt f\u00f6r omedelbar hj\u00e4lp. Dessutom \u00e4r vi ocks\u00e5 tillg\u00e4ngliga via e-post och telefon, s\u00e5 att du kan kontakta oss p\u00e5 det s\u00e4tt som \u00e4r mest bekv\u00e4mt f\u00f6r dig.<\/p>\n\n\n\n<p>Dessutom kan du l\u00e4sa den detaljerade <a style=\"text-decoration:underline !important;\" href=\"https:\/\/www.slotstars.com\/se\/faq\/\">FAQ-sektionen<\/a> p\u00e5 v\u00e5r webbplats f\u00f6r att f\u00e5 snabba svar p\u00e5 dina fr\u00e5gor.<\/p>\n","protected":false},"excerpt":{"rendered":"<p>OM OSS SlotStars Casino V\u00e4lkommen till SlotStars! Hos oss vill vi ge dig en fantastisk och rolig spelupplevelse online. Vi erbjuder en m\u00e4ngd olika kasinospel fr\u00e5n de b\u00e4sta speltillverkarna. Du kommer gilla v\u00e5ra specialspel och funktioner. Vi \u00e4r dessutom alltid h\u00e4r f\u00f6r att hj\u00e4lpa dig. Vi bryr oss verkligen om att ge bra service, se [&hellip;]<\/p>\n","protected":false},"author":1,"featured_media":0,"parent":0,"menu_order":0,"comment_status":"closed","ping_status":"closed","template":"content-page.php","meta":{"_acf_changed":false,"footnotes":""},"class_list":["post-159","page","type-page","status-publish","hentry"],"acf":[],"yoast_head":"<!-- This site is optimized with the Yoast SEO plugin v27.3 - https:\/\/yoast.com\/product\/yoast-seo-wordpress\/ -->\n<title>OM OSS | SlotStars<\/title>\n<meta name=\"robots\" content=\"index, follow, max-snippet:-1, max-image-preview:large, max-video-preview:-1\" \/>\n<link rel=\"canonical\" href=\"https:\/\/www.slotstars.com\/se\/om-oss\/\" \/>\n<meta property=\"og:locale\" content=\"en_US\" \/>\n<meta property=\"og:type\" content=\"article\" \/>\n<meta property=\"og:title\" content=\"OM OSS | SlotStars\" \/>\n<meta property=\"og:description\" content=\"OM OSS SlotStars Casino V\u00e4lkommen till SlotStars! Hos oss vill vi ge dig en fantastisk och rolig spelupplevelse online. Vi erbjuder en m\u00e4ngd olika kasinospel fr\u00e5n de b\u00e4sta speltillverkarna. Du kommer gilla v\u00e5ra specialspel och funktioner. Vi \u00e4r dessutom alltid h\u00e4r f\u00f6r att hj\u00e4lpa dig. Vi bryr oss verkligen om att ge bra service, se [&hellip;]\" \/>\n<meta property=\"og:url\" content=\"https:\/\/www.slotstars.com\/se\/om-oss\/\" \/>\n<meta property=\"og:site_name\" content=\"Slotstars.com\" \/>\n<meta property=\"article:modified_time\" content=\"2024-07-24T06:17:41+00:00\" \/>\n<meta name=\"twitter:card\" content=\"summary_large_image\" \/>\n<meta name=\"twitter:label1\" content=\"Est. reading time\" \/>\n\t<meta name=\"twitter:data1\" content=\"2 minutes\" \/>\n<script type=\"application\/ld+json\" class=\"yoast-schema-graph\">{\"@context\":\"https:\\\/\\\/schema.org\",\"@graph\":[{\"@type\":\"WebPage\",\"@id\":\"https:\\\/\\\/www.slotstars.com\\\/se\\\/om-oss\\\/\",\"url\":\"https:\\\/\\\/www.slotstars.com\\\/se\\\/om-oss\\\/\",\"name\":\"OM OSS | SlotStars\",\"isPartOf\":{\"@id\":\"https:\\\/\\\/www.slotstars.com\\\/se\\\/#website\"},\"datePublished\":\"2024-03-25T10:03:30+00:00\",\"dateModified\":\"2024-07-24T06:17:41+00:00\",\"breadcrumb\":{\"@id\":\"https:\\\/\\\/www.slotstars.com\\\/se\\\/om-oss\\\/#breadcrumb\"},\"inLanguage\":\"en-US\",\"potentialAction\":[{\"@type\":\"ReadAction\",\"target\":[\"https:\\\/\\\/www.slotstars.com\\\/se\\\/om-oss\\\/\"]}]},{\"@type\":\"BreadcrumbList\",\"@id\":\"https:\\\/\\\/www.slotstars.com\\\/se\\\/om-oss\\\/#breadcrumb\",\"itemListElement\":[{\"@type\":\"ListItem\",\"position\":1,\"name\":\"Home\",\"item\":\"https:\\\/\\\/www.slotstars.com\\\/se\\\/\"},{\"@type\":\"ListItem\",\"position\":2,\"name\":\"OM OSS\"}]},{\"@type\":\"WebSite\",\"@id\":\"https:\\\/\\\/www.slotstars.com\\\/se\\\/#website\",\"url\":\"https:\\\/\\\/www.slotstars.com\\\/se\\\/\",\"name\":\"Slotstars.com\",\"description\":\"\",\"potentialAction\":[{\"@type\":\"SearchAction\",\"target\":{\"@type\":\"EntryPoint\",\"urlTemplate\":\"https:\\\/\\\/www.slotstars.com\\\/se\\\/?s={search_term_string}\"},\"query-input\":{\"@type\":\"PropertyValueSpecification\",\"valueRequired\":true,\"valueName\":\"search_term_string\"}}],\"inLanguage\":\"en-US\"}]}<\/script>\n<!-- \/ Yoast SEO plugin. -->","yoast_head_json":{"title":"OM OSS | SlotStars","robots":{"index":"index","follow":"follow","max-snippet":"max-snippet:-1","max-image-preview":"max-image-preview:large","max-video-preview":"max-video-preview:-1"},"canonical":"https:\/\/www.slotstars.com\/se\/om-oss\/","og_locale":"en_US","og_type":"article","og_title":"OM OSS | SlotStars","og_description":"OM OSS SlotStars Casino V\u00e4lkommen till SlotStars! Hos oss vill vi ge dig en fantastisk och rolig spelupplevelse online. Vi erbjuder en m\u00e4ngd olika kasinospel fr\u00e5n de b\u00e4sta speltillverkarna. Du kommer gilla v\u00e5ra specialspel och funktioner. Vi \u00e4r dessutom alltid h\u00e4r f\u00f6r att hj\u00e4lpa dig. Vi bryr oss verkligen om att ge bra service, se [&hellip;]","og_url":"https:\/\/www.slotstars.com\/se\/om-oss\/","og_site_name":"Slotstars.com","article_modified_time":"2024-07-24T06:17:41+00:00","twitter_card":"summary_large_image","twitter_misc":{"Est. reading time":"2 minutes"},"schema":{"@context":"https:\/\/schema.org","@graph":[{"@type":"WebPage","@id":"https:\/\/www.slotstars.com\/se\/om-oss\/","url":"https:\/\/www.slotstars.com\/se\/om-oss\/","name":"OM OSS | SlotStars","isPartOf":{"@id":"https:\/\/www.slotstars.com\/se\/#website"},"datePublished":"2024-03-25T10:03:30+00:00","dateModified":"2024-07-24T06:17:41+00:00","breadcrumb":{"@id":"https:\/\/www.slotstars.com\/se\/om-oss\/#breadcrumb"},"inLanguage":"en-US","potentialAction":[{"@type":"ReadAction","target":["https:\/\/www.slotstars.com\/se\/om-oss\/"]}]},{"@type":"BreadcrumbList","@id":"https:\/\/www.slotstars.com\/se\/om-oss\/#breadcrumb","itemListElement":[{"@type":"ListItem","position":1,"name":"Home","item":"https:\/\/www.slotstars.com\/se\/"},{"@type":"ListItem","position":2,"name":"OM OSS"}]},{"@type":"WebSite","@id":"https:\/\/www.slotstars.com\/se\/#website","url":"https:\/\/www.slotstars.com\/se\/","name":"Slotstars.com","description":"","potentialAction":[{"@type":"SearchAction","target":{"@type":"EntryPoint","urlTemplate":"https:\/\/www.slotstars.com\/se\/?s={search_term_string}"},"query-input":{"@type":"PropertyValueSpecification","valueRequired":true,"valueName":"search_term_string"}}],"inLanguage":"en-US"}]}},"_links":{"self":[{"href":"https:\/\/www.slotstars.com\/se\/wp-json\/wp\/v2\/pages\/159","targetHints":{"allow":["GET"]}}],"collection":[{"href":"https:\/\/www.slotstars.com\/se\/wp-json\/wp\/v2\/pages"}],"about":[{"href":"https:\/\/www.slotstars.com\/se\/wp-json\/wp\/v2\/types\/page"}],"author":[{"embeddable":true,"href":"https:\/\/www.slotstars.com\/se\/wp-json\/wp\/v2\/users\/1"}],"replies":[{"embeddable":true,"href":"https:\/\/www.slotstars.com\/se\/wp-json\/wp\/v2\/comments?post=159"}],"version-history":[{"count":16,"href":"https:\/\/www.slotstars.com\/se\/wp-json\/wp\/v2\/pages\/159\/revisions"}],"predecessor-version":[{"id":558,"href":"https:\/\/www.slotstars.com\/se\/wp-json\/wp\/v2\/pages\/159\/revisions\/558"}],"wp:attachment":[{"href":"https:\/\/www.slotstars.com\/se\/wp-json\/wp\/v2\/media?parent=159"}],"curies":[{"name":"wp","href":"https:\/\/api.w.org\/{rel}","templated":true}]}}